{"id":1115,"date":"2023-09-17T21:33:31","date_gmt":"2023-09-17T21:33:31","guid":{"rendered":"https:\/\/locationoutillage.live-website.com\/?post_type=product&#038;p=1115"},"modified":"2026-04-08T21:07:56","modified_gmt":"2026-04-08T21:07:56","slug":"location-perceuse-visseuse","status":"publish","type":"product","link":"https:\/\/locd.fr\/produit\/location-perceuse-visseuse\/","title":{"rendered":"Perceuse visseuse 18v 340w"},"content":{"rendered":"<p>Cette perceuse visseuse convient pour tous vos travaux de per\u00e7age et de vissage, gr\u00e2ce \u00e0 sa batterie 18v ( 1 batterie et 1 chargeur fournis). Cette visseuse pro vous offre une grande libert\u00e9 et une autonomie importante. Elle peut \u00eatre dot\u00e9e de forets\u00a0 ou\/et d&#8217;embout \u00e0 visser (plusieurs dimensions disponible en location sur locd.fr).<\/p>\n<p>Elle dispose aussi sur le cot\u00e9 d&rsquo;un aimant pour ranger facilement les embouts \u00e0 viser. Et s&rsquo;adapte aussi bien pour les per\u00e7ages ou vissages horizontaux que verticaux.<\/p>\n<p>Sa maniabilit\u00e9 et son autonomie est appr\u00e9ci\u00e9e surtout dans les espaces restreints.<\/p>\n<p>&nbsp;<\/p>\n<h3>Utiliser la perceuse visseuse, comment faire?<\/h3>\n<p>Prenez un instant lors de votre location pour lire et prendre notes des bons gestes \u00e0 faire durant utilisation. D&rsquo;autre part, lors de votre location, une notice sera disponible sur notre site internet locd.fr . Cette fiche notice vous rappelle les <strong>r\u00e8gles de s\u00e9curit\u00e9<\/strong> \u00e0 respecter scrupuleusement.<\/p>\n<p>La notice est disponible pour une bonne utilisation et pour profiter parfaitement de la perceuse visseuse.<\/p>\n<ul>\n<li>mise en place du foret ou le l&#8217;embout a viser;<\/li>\n<li>s\u00e9lectionner de la position per\u00e7age ou visage;<\/li>\n<li>s\u00e9lectionner de la vitesse;<\/li>\n<li>branchement chargeur sur une prise 230 V ;<\/li>\n<li>appuyer doucement sur la g\u00e2chette de mise en service ;<\/li>\n<li>percer lentement jusqu&rsquo;\u00e0 ce que la m\u00e8che se centre d&rsquo;elle-m\u00eame ;<\/li>\n<li>maintenir la perceuse visseuse pour emp\u00eacher l&rsquo;outil de sortir du trou ;<\/li>\n<li>sortir partiellement le foret du per\u00e7age pour \u00e9vacuer les \u00e9ventuels gravats ;<\/li>\n<li>attention : apr\u00e8s l&rsquo;arr\u00eat, attendre un peu avant de retirer l&rsquo;outil (il est chaud).<\/li>\n<\/ul>\n<p>Pour une utilisation parfaite, vous avez la possibilit\u00e9 de louer les m\u00e8ches (plusieurs diam\u00e8tres disponibles) et embout \u00e0 viser.<\/p>\n<p>&nbsp;<\/p>\n<h3>Encore plus&#8230;<\/h3>\n<p>Locd.fr , vous propose une large gammes de perforateurs burineurs sur <a href=\"https:\/\/outil.dareilyloc.com\/?product_cat=percage-et-vissage\">ce lien<\/a>.<\/p>\n<p>Pour votre s\u00e9curit\u00e9 lors de vos travaux, vous trouverez en vente, dans votre agence locd.fr, de nombreux <strong>\u00c9quipements de Protection Individuelle<\/strong>\u00a0(E.P.I.) : des gants de manutention, des lunettes de protection, des masques, un casque antibruit 25.5 dB ou un lot de 6 paires de bouchons d&rsquo;oreilles&#8230;<\/p>\n<p>&nbsp;<\/p>\n<h3>Prix \/ tarifs de location du perforateur<\/h3>\n<p>Les prix de location du perforateur ont \u00e9t\u00e9 \u00e9labor\u00e9s pour r\u00e9pondre aux besoins les plus fr\u00e9quents des professionnels du B\u00e2timent comme des particuliers. Pour un besoin tr\u00e8s ponctuel, le <strong>forfait journ\u00e9e<\/strong> donnera satisfaction avec la mise \u00e0 disposition du mat\u00e9riel pour 12 heures ou pour un week-end. Pour des chantiers \u00e9tal\u00e9s sur plusieurs jours, voire semaines, les\u00a0<strong>formules d\u00e9gressives<\/strong> s&rsquo;appliqueront. Nos \u00e9quipiers pourront \u00e9tablir gratuitement un devis.<\/p>\n<p>&nbsp;<\/p>\n<p>Notice \u00e0 lire imp\u00e9rativement.<\/p>\n<p>empreinte bancaire non pr\u00e9lev\u00e9e:<\/p>\n","protected":false},"excerpt":{"rendered":"<p>Gamme pro Tension : 18 volts Batterie : 2,0 Ah Type de batterie : Li-Ion Vitesse \u00e0 vide : 0-500 \/ 1750 tr\/min Puissance : 340 watts<br \/>\nmax. couple : 65 Nm dur max. couple : 26 Nm doux max. capacit\u00e9 de per\u00e7age (bois) : 30 mm max. capacit\u00e9 de per\u00e7age (m\u00e9tal) : 13 mm Longueur : 192 mm Hauteur : 198 mm Profondeur : 67 mm Poids : 1,5 kg<\/p>\n","protected":false},"featured_media":1116,"template":"","meta":{"om_disable_all_campaigns":false,"_monsterinsights_skip_tracking":false,"_monsterinsights_sitenote_active":false,"_monsterinsights_sitenote_note":"","_monsterinsights_sitenote_category":0},"product_brand":[],"product_cat":[63],"product_tag":[],"class_list":{"0":"post-1115","1":"product","2":"type-product","3":"status-publish","4":"has-post-thumbnail","6":"product_cat-percage-et-vissage","8":"entry","9":"has-media","11":"first","12":"instock","13":"sold-individually","14":"shipping-taxable","15":"purchasable","16":"product-type-simple","17":"has-product-nav","18":"col","19":"span_1_of_3","20":"owp-content-center","21":"owp-thumbs-layout-horizontal","22":"owp-btn-normal","23":"owp-tabs-layout-horizontal","24":"has-no-thumbnails"},"yoast_head":"<!-- This site is optimized with the Yoast SEO plugin v24.0 - https:\/\/yoast.com\/wordpress\/plugins\/seo\/ -->\n<title>location Perceuse visseuse 18v 340w - Location outillage et mat\u00e9riel Montpellier Juvignac H\u00e9rault<\/title>\n<meta name=\"description\" content=\"location \u00e0 partir de 9\u20ac\/Jour Location outillage et mat\u00e9riel Montpellier Juvignac H\u00e9rault Perceuse visseuse 18v 340w perceuse visseuse de marque Pro\" \/>\n<meta name=\"robots\" content=\"index, follow, max-snippet:-1, max-image-preview:large, max-video-preview:-1\" \/>\n<link rel=\"canonical\" href=\"https:\/\/locd.fr\/produit\/location-perceuse-visseuse\/\" \/>\n<meta property=\"og:locale\" content=\"fr_FR\" \/>\n<meta property=\"og:type\" content=\"article\" \/>\n<meta property=\"og:title\" content=\"location Perceuse visseuse 18v 340w - Location outillage et mat\u00e9riel Montpellier Juvignac H\u00e9rault\" \/>\n<meta property=\"og:description\" content=\"location \u00e0 partir de 9\u20ac\/Jour Location outillage et mat\u00e9riel Montpellier Juvignac H\u00e9rault Perceuse visseuse 18v 340w perceuse visseuse de marque Pro\" \/>\n<meta property=\"og:url\" content=\"https:\/\/locd.fr\/produit\/location-perceuse-visseuse\/\" \/>\n<meta property=\"og:site_name\" content=\"Location outillage et mat\u00e9riel Montpellier Juvignac H\u00e9rault\" \/>\n<meta property=\"article:publisher\" content=\"https:\/\/www.facebook.com\/Dareilyloc\" \/>\n<meta property=\"article:modified_time\" content=\"2026-04-08T21:07:56+00:00\" \/>\n<meta property=\"og:image\" content=\"https:\/\/locd.fr\/wp-content\/uploads\/2023\/09\/Visseuse-dewalt.png\" \/>\n\t<meta property=\"og:image:width\" content=\"596\" \/>\n\t<meta property=\"og:image:height\" content=\"453\" \/>\n\t<meta property=\"og:image:type\" content=\"image\/png\" \/>\n<meta name=\"twitter:card\" content=\"summary_large_image\" \/>\n<meta name=\"twitter:label1\" content=\"Dur\u00e9e de lecture estim\u00e9e\" \/>\n\t<meta name=\"twitter:data1\" content=\"3 minutes\" \/>\n<script type=\"application\/ld+json\" class=\"yoast-schema-graph\">{\"@context\":\"https:\/\/schema.org\",\"@graph\":[{\"@type\":\"WebPage\",\"@id\":\"https:\/\/locd.fr\/produit\/location-perceuse-visseuse\/\",\"url\":\"https:\/\/locd.fr\/produit\/location-perceuse-visseuse\/\",\"name\":\"location Perceuse visseuse 18v 340w - Location outillage et mat\u00e9riel Montpellier Juvignac H\u00e9rault\",\"isPartOf\":{\"@id\":\"https:\/\/locd.fr\/#website\"},\"primaryImageOfPage\":{\"@id\":\"https:\/\/locd.fr\/produit\/location-perceuse-visseuse\/#primaryimage\"},\"image\":{\"@id\":\"https:\/\/locd.fr\/produit\/location-perceuse-visseuse\/#primaryimage\"},\"thumbnailUrl\":\"https:\/\/locd.fr\/wp-content\/uploads\/2023\/09\/Visseuse-dewalt.png\",\"datePublished\":\"2023-09-17T21:33:31+00:00\",\"dateModified\":\"2026-04-08T21:07:56+00:00\",\"description\":\"location \u00e0 partir de 9\u20ac\/Jour Location outillage et mat\u00e9riel Montpellier Juvignac H\u00e9rault Perceuse visseuse 18v 340w perceuse visseuse de marque Pro\",\"breadcrumb\":{\"@id\":\"https:\/\/locd.fr\/produit\/location-perceuse-visseuse\/#breadcrumb\"},\"inLanguage\":\"fr-FR\",\"potentialAction\":[{\"@type\":\"ReadAction\",\"target\":[\"https:\/\/locd.fr\/produit\/location-perceuse-visseuse\/\"]}]},{\"@type\":\"ImageObject\",\"inLanguage\":\"fr-FR\",\"@id\":\"https:\/\/locd.fr\/produit\/location-perceuse-visseuse\/#primaryimage\",\"url\":\"https:\/\/locd.fr\/wp-content\/uploads\/2023\/09\/Visseuse-dewalt.png\",\"contentUrl\":\"https:\/\/locd.fr\/wp-content\/uploads\/2023\/09\/Visseuse-dewalt.png\",\"width\":596,\"height\":453},{\"@type\":\"BreadcrumbList\",\"@id\":\"https:\/\/locd.fr\/produit\/location-perceuse-visseuse\/#breadcrumb\",\"itemListElement\":[{\"@type\":\"ListItem\",\"position\":1,\"name\":\"Accueil\",\"item\":\"https:\/\/locd.fr\/\"},{\"@type\":\"ListItem\",\"position\":2,\"name\":\"Shop\",\"item\":\"https:\/\/locd.fr\/shop\/\"},{\"@type\":\"ListItem\",\"position\":3,\"name\":\"Perceuse visseuse 18v 340w\"}]},{\"@type\":\"WebSite\",\"@id\":\"https:\/\/locd.fr\/#website\",\"url\":\"https:\/\/locd.fr\/\",\"name\":\"Location outil et mat\u00e9riel Montpellier Juvignac H\u00e9rault\",\"description\":\"Locd.fr la location de mat\u00e9riel 24\/24 simplifi\u00e9e\",\"publisher\":{\"@id\":\"https:\/\/locd.fr\/#organization\"},\"potentialAction\":[{\"@type\":\"SearchAction\",\"target\":{\"@type\":\"EntryPoint\",\"urlTemplate\":\"https:\/\/locd.fr\/?s={search_term_string}\"},\"query-input\":{\"@type\":\"PropertyValueSpecification\",\"valueRequired\":true,\"valueName\":\"search_term_string\"}}],\"inLanguage\":\"fr-FR\"},{\"@type\":\"Organization\",\"@id\":\"https:\/\/locd.fr\/#organization\",\"name\":\"LOCD.FR\",\"url\":\"https:\/\/locd.fr\/\",\"logo\":{\"@type\":\"ImageObject\",\"inLanguage\":\"fr-FR\",\"@id\":\"https:\/\/locd.fr\/#\/schema\/logo\/image\/\",\"url\":\"https:\/\/locd.fr\/wp-content\/uploads\/2023\/09\/locd.fr_.png\",\"contentUrl\":\"https:\/\/locd.fr\/wp-content\/uploads\/2023\/09\/locd.fr_.png\",\"width\":500,\"height\":500,\"caption\":\"LOCD.FR\"},\"image\":{\"@id\":\"https:\/\/locd.fr\/#\/schema\/logo\/image\/\"},\"sameAs\":[\"https:\/\/www.facebook.com\/Dareilyloc\"]}]}<\/script>\n<!-- \/ Yoast SEO plugin. -->","yoast_head_json":{"title":"location Perceuse visseuse 18v 340w - Location outillage et mat\u00e9riel Montpellier Juvignac H\u00e9rault","description":"location \u00e0 partir de 9\u20ac\/Jour Location outillage et mat\u00e9riel Montpellier Juvignac H\u00e9rault Perceuse visseuse 18v 340w perceuse visseuse de marque Pro","robots":{"index":"index","follow":"follow","max-snippet":"max-snippet:-1","max-image-preview":"max-image-preview:large","max-video-preview":"max-video-preview:-1"},"canonical":"https:\/\/locd.fr\/produit\/location-perceuse-visseuse\/","og_locale":"fr_FR","og_type":"article","og_title":"location Perceuse visseuse 18v 340w - Location outillage et mat\u00e9riel Montpellier Juvignac H\u00e9rault","og_description":"location \u00e0 partir de 9\u20ac\/Jour Location outillage et mat\u00e9riel Montpellier Juvignac H\u00e9rault Perceuse visseuse 18v 340w perceuse visseuse de marque Pro","og_url":"https:\/\/locd.fr\/produit\/location-perceuse-visseuse\/","og_site_name":"Location outillage et mat\u00e9riel Montpellier Juvignac H\u00e9rault","article_publisher":"https:\/\/www.facebook.com\/Dareilyloc","article_modified_time":"2026-04-08T21:07:56+00:00","og_image":[{"width":596,"height":453,"url":"https:\/\/locd.fr\/wp-content\/uploads\/2023\/09\/Visseuse-dewalt.png","type":"image\/png"}],"twitter_card":"summary_large_image","twitter_misc":{"Dur\u00e9e de lecture estim\u00e9e":"3 minutes"},"schema":{"@context":"https:\/\/schema.org","@graph":[{"@type":"WebPage","@id":"https:\/\/locd.fr\/produit\/location-perceuse-visseuse\/","url":"https:\/\/locd.fr\/produit\/location-perceuse-visseuse\/","name":"location Perceuse visseuse 18v 340w - Location outillage et mat\u00e9riel Montpellier Juvignac H\u00e9rault","isPartOf":{"@id":"https:\/\/locd.fr\/#website"},"primaryImageOfPage":{"@id":"https:\/\/locd.fr\/produit\/location-perceuse-visseuse\/#primaryimage"},"image":{"@id":"https:\/\/locd.fr\/produit\/location-perceuse-visseuse\/#primaryimage"},"thumbnailUrl":"https:\/\/locd.fr\/wp-content\/uploads\/2023\/09\/Visseuse-dewalt.png","datePublished":"2023-09-17T21:33:31+00:00","dateModified":"2026-04-08T21:07:56+00:00","description":"location \u00e0 partir de 9\u20ac\/Jour Location outillage et mat\u00e9riel Montpellier Juvignac H\u00e9rault Perceuse visseuse 18v 340w perceuse visseuse de marque Pro","breadcrumb":{"@id":"https:\/\/locd.fr\/produit\/location-perceuse-visseuse\/#breadcrumb"},"inLanguage":"fr-FR","potentialAction":[{"@type":"ReadAction","target":["https:\/\/locd.fr\/produit\/location-perceuse-visseuse\/"]}]},{"@type":"ImageObject","inLanguage":"fr-FR","@id":"https:\/\/locd.fr\/produit\/location-perceuse-visseuse\/#primaryimage","url":"https:\/\/locd.fr\/wp-content\/uploads\/2023\/09\/Visseuse-dewalt.png","contentUrl":"https:\/\/locd.fr\/wp-content\/uploads\/2023\/09\/Visseuse-dewalt.png","width":596,"height":453},{"@type":"BreadcrumbList","@id":"https:\/\/locd.fr\/produit\/location-perceuse-visseuse\/#breadcrumb","itemListElement":[{"@type":"ListItem","position":1,"name":"Accueil","item":"https:\/\/locd.fr\/"},{"@type":"ListItem","position":2,"name":"Shop","item":"https:\/\/locd.fr\/shop\/"},{"@type":"ListItem","position":3,"name":"Perceuse visseuse 18v 340w"}]},{"@type":"WebSite","@id":"https:\/\/locd.fr\/#website","url":"https:\/\/locd.fr\/","name":"Location outil et mat\u00e9riel Montpellier Juvignac H\u00e9rault","description":"Locd.fr la location de mat\u00e9riel 24\/24 simplifi\u00e9e","publisher":{"@id":"https:\/\/locd.fr\/#organization"},"potentialAction":[{"@type":"SearchAction","target":{"@type":"EntryPoint","urlTemplate":"https:\/\/locd.fr\/?s={search_term_string}"},"query-input":{"@type":"PropertyValueSpecification","valueRequired":true,"valueName":"search_term_string"}}],"inLanguage":"fr-FR"},{"@type":"Organization","@id":"https:\/\/locd.fr\/#organization","name":"LOCD.FR","url":"https:\/\/locd.fr\/","logo":{"@type":"ImageObject","inLanguage":"fr-FR","@id":"https:\/\/locd.fr\/#\/schema\/logo\/image\/","url":"https:\/\/locd.fr\/wp-content\/uploads\/2023\/09\/locd.fr_.png","contentUrl":"https:\/\/locd.fr\/wp-content\/uploads\/2023\/09\/locd.fr_.png","width":500,"height":500,"caption":"LOCD.FR"},"image":{"@id":"https:\/\/locd.fr\/#\/schema\/logo\/image\/"},"sameAs":["https:\/\/www.facebook.com\/Dareilyloc"]}]}},"_links":{"self":[{"href":"https:\/\/locd.fr\/wp-json\/wp\/v2\/product\/1115","targetHints":{"allow":["GET"]}}],"collection":[{"href":"https:\/\/locd.fr\/wp-json\/wp\/v2\/product"}],"about":[{"href":"https:\/\/locd.fr\/wp-json\/wp\/v2\/types\/product"}],"wp:featuredmedia":[{"embeddable":true,"href":"https:\/\/locd.fr\/wp-json\/wp\/v2\/media\/1116"}],"wp:attachment":[{"href":"https:\/\/locd.fr\/wp-json\/wp\/v2\/media?parent=1115"}],"wp:term":[{"taxonomy":"product_brand","embeddable":true,"href":"https:\/\/locd.fr\/wp-json\/wp\/v2\/product_brand?post=1115"},{"taxonomy":"product_cat","embeddable":true,"href":"https:\/\/locd.fr\/wp-json\/wp\/v2\/product_cat?post=1115"},{"taxonomy":"product_tag","embeddable":true,"href":"https:\/\/locd.fr\/wp-json\/wp\/v2\/product_tag?post=1115"}],"curies":[{"name":"wp","href":"https:\/\/api.w.org\/{rel}","templated":true}]}}