{"id":1187,"date":"2023-09-19T18:29:33","date_gmt":"2023-09-19T18:29:33","guid":{"rendered":"https:\/\/locationoutillage.dareily.com\/?post_type=product&#038;p=1187"},"modified":"2026-04-04T09:39:09","modified_gmt":"2026-04-04T09:39:09","slug":"location-marteau-piqueur","status":"publish","type":"product","link":"https:\/\/locd.fr\/produit\/location-marteau-piqueur\/","title":{"rendered":"Marteau Piqueur 50j 1700w"},"content":{"rendered":"<p>Le marteau piqueur 50J 1700w. Gr\u00e2ce \u00e0 sa puissance, elle est id\u00e9al pour\u00a0 tous vos travaux de d\u00e9molition. Vous r\u00e9aliserez de nombreux actions telle que casser une dalle en b\u00e9ton, un murs et m\u00eame de fa\u00e7onner des tranch\u00e9es. Equip\u00e9 d&rsquo;un emmanchement hexagonal, il est dot\u00e9 de m\u00e8che que vous trouverez en location sur notre site outil.dareilyloc.com. Il peut \u00eatre utilis\u00e9 aussi bien pour les travaux horizontaux que verticaux.<\/p>\n<h3>Comment transporter le marteau piqueur ?<\/h3>\n<p>Le marteau piqueur ne pr\u00e9sente aucune difficult\u00e9 de transport quel que soit votre mode de d\u00e9placement gr\u00e2ce a sa boite de transport .<\/p>\n<p>&nbsp;<\/p>\n<h3>Utiliser le marteau piqueur, comment faire?<\/h3>\n<p>Prenez un instant pour lire et prendre notes des bons gestes \u00e0 faire lors de l&rsquo;utilisation du marteau piqueur. D&rsquo;autre part, lors de votre location, une notice sera disponible sur notre site internet outil.dareilyloc.com. Cette fiche notice vous rappelle les <strong>r\u00e8gles de s\u00e9curit\u00e9<\/strong> \u00e0 respecter scrupuleusement.<\/p>\n<p>La notice est disponible pour une bonne utilisation et pour profiter parfaitement du marteau piqueur en toute s\u00e9curit\u00e9 :<\/p>\n<ul>\n<li>mise en place de la poign\u00e9e auxiliaire ;<\/li>\n<li>mise en place de la m\u00e8che ;<\/li>\n<li>manchon de protection ;<\/li>\n<li>loquet de blocage;<\/li>\n<li>interrupteur on\/off<\/li>\n<li>bouton de blocage de l&rsquo;interrupteur<\/li>\n<li>capuchon de r\u00e9servoir de graisse<\/li>\n<li>branchement sur une prise 230 V ;<\/li>\n<li>appliquer la m\u00e8che sur la surface \u00e0 briser, tenir fermement et toujours \u00e0 deux mains ;<\/li>\n<li>appuyer doucement sur la g\u00e2chette de mise en service ;<\/li>\n<li>sortir partiellement la m\u00e8che lors de l&rsquo;utilisation pour \u00e9vacuer les \u00e9ventuels gravats ( ne pas trop enfoncer) ;<\/li>\n<li>attention : apr\u00e8s l&rsquo;arr\u00eat, attendre un peu avant de retirer l&rsquo;outil (il est chaud).<\/li>\n<\/ul>\n<p>Pour une utilisation parfaite, vous avez la possibilit\u00e9 de louer des m\u00e8ches large et m\u00e8che pique.<\/p>\n<p>&nbsp;<\/p>\n<h3>Encore plus&#8230;<\/h3>\n<p>Outil.dareilyloc.com, vous propose une large gammes d&rsquo;outil sur <a href=\"https:\/\/outil.dareilyloc.com\/?product_cat=percage-et-brise-beton\">ce lien<\/a>.<\/p>\n<p>Pour votre s\u00e9curit\u00e9 lors de vos travaux, vous trouverez en vente, dans votre agence outil.dareilyloc.com, de nombreux <strong>\u00c9quipements de Protection Individuelle<\/strong>\u00a0(E.P.I.) : des gants de manutention, des lunettes de protection, des masques, un casque antibruit 25.5 dB ou un lot de 6 paires de bouchons d&rsquo;oreilles&#8230;<\/p>\n<p>&nbsp;<\/p>\n<h3>Prix \/ tarifs de location du marteau piqueur<\/h3>\n<p>Les prix de location du marteau piqueur ont \u00e9t\u00e9 \u00e9labor\u00e9s pour r\u00e9pondre aux besoins les plus fr\u00e9quents des professionnels du B\u00e2timent comme des particuliers. Pour un besoin tr\u00e8s ponctuel, le <strong>forfait journ\u00e9e<\/strong> donnera satisfaction avec la mise \u00e0 disposition du mat\u00e9riel pour 12 heures ou pour un week-end. Pour des chantiers \u00e9tal\u00e9s sur plusieurs jours, voire semaines, les\u00a0<strong>formules d\u00e9gressives<\/strong> s&rsquo;appliqueront. Nos \u00e9quipiers pourront \u00e9tablir gratuitement un devis.<\/p>\n<p>&nbsp;<\/p>\n<p><a href=\"https:\/\/outil.dareilyloc.com\/notices\/notice%20marteau%20piqueur.pdf\">Notice \u00e0 lire imp\u00e9rativement.<\/a><\/p>\n<p>empreinte bancaire non pr\u00e9lev\u00e9e:<\/p>\n","protected":false},"excerpt":{"rendered":"<p>Le marteau piqueur 50J 1700w. Gr\u00e2ce \u00e0 sa puissance, elle est id\u00e9al pour\u00a0 tous vos travaux de d\u00e9molition. Vous r\u00e9aliserez de nombreux actions telle que casser une dalle en b\u00e9ton, un murs et m\u00eame de fa\u00e7onner des tranch\u00e9es. Equip\u00e9 d&rsquo;un emmanchement hexagonal, il est dot\u00e9 de m\u00e8che que vous trouverez en location sur notre site [&hellip;]<\/p>\n","protected":false},"featured_media":1188,"template":"","meta":{"om_disable_all_campaigns":false,"_monsterinsights_skip_tracking":false,"_monsterinsights_sitenote_active":false,"_monsterinsights_sitenote_note":"","_monsterinsights_sitenote_category":0},"product_brand":[],"product_cat":[130,64],"product_tag":[],"class_list":{"0":"post-1187","1":"product","2":"type-product","3":"status-publish","4":"has-post-thumbnail","6":"product_cat-marteau-piqueur-burineur","7":"product_cat-percage-et-brise-beton","9":"entry","10":"has-media","12":"first","13":"instock","14":"sold-individually","15":"shipping-taxable","16":"purchasable","17":"product-type-simple","18":"has-product-nav","19":"col","20":"span_1_of_3","21":"owp-content-center","22":"owp-thumbs-layout-horizontal","23":"owp-btn-normal","24":"owp-tabs-layout-horizontal","25":"has-no-thumbnails"},"yoast_head":"<!-- This site is optimized with the Yoast SEO plugin v24.0 - https:\/\/yoast.com\/wordpress\/plugins\/seo\/ -->\n<title>Location \u00e0 partir de 9.5\u20ac\/jours Marteau Piqueur 50j 1700w - Location outillage et mat\u00e9riel Montpellier Juvignac H\u00e9rault<\/title>\n<meta name=\"description\" content=\"Location \u00e0 partir de 9.5\u20ac\/JLocation outillage et mat\u00e9riel Montpellier Juvignac H\u00e9rault locd.fr Marteau Piqueur 50j 1700w\" \/>\n<meta name=\"robots\" content=\"index, follow, max-snippet:-1, max-image-preview:large, max-video-preview:-1\" \/>\n<link rel=\"canonical\" href=\"https:\/\/locd.fr\/produit\/location-marteau-piqueur\/\" \/>\n<meta property=\"og:locale\" content=\"fr_FR\" \/>\n<meta property=\"og:type\" content=\"article\" \/>\n<meta property=\"og:title\" content=\"Location \u00e0 partir de 9.5\u20ac\/jours Marteau Piqueur 50j 1700w - Location outillage et mat\u00e9riel Montpellier Juvignac H\u00e9rault\" \/>\n<meta property=\"og:description\" content=\"Location \u00e0 partir de 9.5\u20ac\/JLocation outillage et mat\u00e9riel Montpellier Juvignac H\u00e9rault locd.fr Marteau Piqueur 50j 1700w\" \/>\n<meta property=\"og:url\" content=\"https:\/\/locd.fr\/produit\/location-marteau-piqueur\/\" \/>\n<meta property=\"og:site_name\" content=\"Location outillage et mat\u00e9riel Montpellier Juvignac H\u00e9rault\" \/>\n<meta property=\"article:publisher\" content=\"https:\/\/www.facebook.com\/Dareilyloc\" \/>\n<meta property=\"article:modified_time\" content=\"2026-04-04T09:39:09+00:00\" \/>\n<meta property=\"og:image\" content=\"https:\/\/locd.fr\/wp-content\/uploads\/2023\/09\/Burineurtitan.png\" \/>\n\t<meta property=\"og:image:width\" content=\"677\" \/>\n\t<meta property=\"og:image:height\" content=\"661\" \/>\n\t<meta property=\"og:image:type\" content=\"image\/png\" \/>\n<meta name=\"twitter:card\" content=\"summary_large_image\" \/>\n<meta name=\"twitter:label1\" content=\"Dur\u00e9e de lecture estim\u00e9e\" \/>\n\t<meta name=\"twitter:data1\" content=\"3 minutes\" \/>\n<script type=\"application\/ld+json\" class=\"yoast-schema-graph\">{\"@context\":\"https:\/\/schema.org\",\"@graph\":[{\"@type\":\"WebPage\",\"@id\":\"https:\/\/locd.fr\/produit\/location-marteau-piqueur\/\",\"url\":\"https:\/\/locd.fr\/produit\/location-marteau-piqueur\/\",\"name\":\"Location \u00e0 partir de 9.5\u20ac\/jours Marteau Piqueur 50j 1700w - Location outillage et mat\u00e9riel Montpellier Juvignac H\u00e9rault\",\"isPartOf\":{\"@id\":\"https:\/\/locd.fr\/#website\"},\"primaryImageOfPage\":{\"@id\":\"https:\/\/locd.fr\/produit\/location-marteau-piqueur\/#primaryimage\"},\"image\":{\"@id\":\"https:\/\/locd.fr\/produit\/location-marteau-piqueur\/#primaryimage\"},\"thumbnailUrl\":\"https:\/\/locd.fr\/wp-content\/uploads\/2023\/09\/Burineurtitan.png\",\"datePublished\":\"2023-09-19T18:29:33+00:00\",\"dateModified\":\"2026-04-04T09:39:09+00:00\",\"description\":\"Location \u00e0 partir de 9.5\u20ac\/JLocation outillage et mat\u00e9riel Montpellier Juvignac H\u00e9rault locd.fr Marteau Piqueur 50j 1700w\",\"breadcrumb\":{\"@id\":\"https:\/\/locd.fr\/produit\/location-marteau-piqueur\/#breadcrumb\"},\"inLanguage\":\"fr-FR\",\"potentialAction\":[{\"@type\":\"ReadAction\",\"target\":[\"https:\/\/locd.fr\/produit\/location-marteau-piqueur\/\"]}]},{\"@type\":\"ImageObject\",\"inLanguage\":\"fr-FR\",\"@id\":\"https:\/\/locd.fr\/produit\/location-marteau-piqueur\/#primaryimage\",\"url\":\"https:\/\/locd.fr\/wp-content\/uploads\/2023\/09\/Burineurtitan.png\",\"contentUrl\":\"https:\/\/locd.fr\/wp-content\/uploads\/2023\/09\/Burineurtitan.png\",\"width\":677,\"height\":661,\"caption\":\"Marteau piqueur location dareily\"},{\"@type\":\"BreadcrumbList\",\"@id\":\"https:\/\/locd.fr\/produit\/location-marteau-piqueur\/#breadcrumb\",\"itemListElement\":[{\"@type\":\"ListItem\",\"position\":1,\"name\":\"Accueil\",\"item\":\"https:\/\/locd.fr\/\"},{\"@type\":\"ListItem\",\"position\":2,\"name\":\"Shop\",\"item\":\"https:\/\/locd.fr\/shop\/\"},{\"@type\":\"ListItem\",\"position\":3,\"name\":\"Marteau Piqueur 50j 1700w\"}]},{\"@type\":\"WebSite\",\"@id\":\"https:\/\/locd.fr\/#website\",\"url\":\"https:\/\/locd.fr\/\",\"name\":\"Location outil et mat\u00e9riel Montpellier Juvignac H\u00e9rault\",\"description\":\"Locd.fr la location de mat\u00e9riel 24\/24 simplifi\u00e9e\",\"publisher\":{\"@id\":\"https:\/\/locd.fr\/#organization\"},\"potentialAction\":[{\"@type\":\"SearchAction\",\"target\":{\"@type\":\"EntryPoint\",\"urlTemplate\":\"https:\/\/locd.fr\/?s={search_term_string}\"},\"query-input\":{\"@type\":\"PropertyValueSpecification\",\"valueRequired\":true,\"valueName\":\"search_term_string\"}}],\"inLanguage\":\"fr-FR\"},{\"@type\":\"Organization\",\"@id\":\"https:\/\/locd.fr\/#organization\",\"name\":\"LOCD.FR\",\"url\":\"https:\/\/locd.fr\/\",\"logo\":{\"@type\":\"ImageObject\",\"inLanguage\":\"fr-FR\",\"@id\":\"https:\/\/locd.fr\/#\/schema\/logo\/image\/\",\"url\":\"https:\/\/locd.fr\/wp-content\/uploads\/2023\/09\/locd.fr_.png\",\"contentUrl\":\"https:\/\/locd.fr\/wp-content\/uploads\/2023\/09\/locd.fr_.png\",\"width\":500,\"height\":500,\"caption\":\"LOCD.FR\"},\"image\":{\"@id\":\"https:\/\/locd.fr\/#\/schema\/logo\/image\/\"},\"sameAs\":[\"https:\/\/www.facebook.com\/Dareilyloc\"]}]}<\/script>\n<!-- \/ Yoast SEO plugin. -->","yoast_head_json":{"title":"Location \u00e0 partir de 9.5\u20ac\/jours Marteau Piqueur 50j 1700w - Location outillage et mat\u00e9riel Montpellier Juvignac H\u00e9rault","description":"Location \u00e0 partir de 9.5\u20ac\/JLocation outillage et mat\u00e9riel Montpellier Juvignac H\u00e9rault locd.fr Marteau Piqueur 50j 1700w","robots":{"index":"index","follow":"follow","max-snippet":"max-snippet:-1","max-image-preview":"max-image-preview:large","max-video-preview":"max-video-preview:-1"},"canonical":"https:\/\/locd.fr\/produit\/location-marteau-piqueur\/","og_locale":"fr_FR","og_type":"article","og_title":"Location \u00e0 partir de 9.5\u20ac\/jours Marteau Piqueur 50j 1700w - Location outillage et mat\u00e9riel Montpellier Juvignac H\u00e9rault","og_description":"Location \u00e0 partir de 9.5\u20ac\/JLocation outillage et mat\u00e9riel Montpellier Juvignac H\u00e9rault locd.fr Marteau Piqueur 50j 1700w","og_url":"https:\/\/locd.fr\/produit\/location-marteau-piqueur\/","og_site_name":"Location outillage et mat\u00e9riel Montpellier Juvignac H\u00e9rault","article_publisher":"https:\/\/www.facebook.com\/Dareilyloc","article_modified_time":"2026-04-04T09:39:09+00:00","og_image":[{"width":677,"height":661,"url":"https:\/\/locd.fr\/wp-content\/uploads\/2023\/09\/Burineurtitan.png","type":"image\/png"}],"twitter_card":"summary_large_image","twitter_misc":{"Dur\u00e9e de lecture estim\u00e9e":"3 minutes"},"schema":{"@context":"https:\/\/schema.org","@graph":[{"@type":"WebPage","@id":"https:\/\/locd.fr\/produit\/location-marteau-piqueur\/","url":"https:\/\/locd.fr\/produit\/location-marteau-piqueur\/","name":"Location \u00e0 partir de 9.5\u20ac\/jours Marteau Piqueur 50j 1700w - Location outillage et mat\u00e9riel Montpellier Juvignac H\u00e9rault","isPartOf":{"@id":"https:\/\/locd.fr\/#website"},"primaryImageOfPage":{"@id":"https:\/\/locd.fr\/produit\/location-marteau-piqueur\/#primaryimage"},"image":{"@id":"https:\/\/locd.fr\/produit\/location-marteau-piqueur\/#primaryimage"},"thumbnailUrl":"https:\/\/locd.fr\/wp-content\/uploads\/2023\/09\/Burineurtitan.png","datePublished":"2023-09-19T18:29:33+00:00","dateModified":"2026-04-04T09:39:09+00:00","description":"Location \u00e0 partir de 9.5\u20ac\/JLocation outillage et mat\u00e9riel Montpellier Juvignac H\u00e9rault locd.fr Marteau Piqueur 50j 1700w","breadcrumb":{"@id":"https:\/\/locd.fr\/produit\/location-marteau-piqueur\/#breadcrumb"},"inLanguage":"fr-FR","potentialAction":[{"@type":"ReadAction","target":["https:\/\/locd.fr\/produit\/location-marteau-piqueur\/"]}]},{"@type":"ImageObject","inLanguage":"fr-FR","@id":"https:\/\/locd.fr\/produit\/location-marteau-piqueur\/#primaryimage","url":"https:\/\/locd.fr\/wp-content\/uploads\/2023\/09\/Burineurtitan.png","contentUrl":"https:\/\/locd.fr\/wp-content\/uploads\/2023\/09\/Burineurtitan.png","width":677,"height":661,"caption":"Marteau piqueur location dareily"},{"@type":"BreadcrumbList","@id":"https:\/\/locd.fr\/produit\/location-marteau-piqueur\/#breadcrumb","itemListElement":[{"@type":"ListItem","position":1,"name":"Accueil","item":"https:\/\/locd.fr\/"},{"@type":"ListItem","position":2,"name":"Shop","item":"https:\/\/locd.fr\/shop\/"},{"@type":"ListItem","position":3,"name":"Marteau Piqueur 50j 1700w"}]},{"@type":"WebSite","@id":"https:\/\/locd.fr\/#website","url":"https:\/\/locd.fr\/","name":"Location outil et mat\u00e9riel Montpellier Juvignac H\u00e9rault","description":"Locd.fr la location de mat\u00e9riel 24\/24 simplifi\u00e9e","publisher":{"@id":"https:\/\/locd.fr\/#organization"},"potentialAction":[{"@type":"SearchAction","target":{"@type":"EntryPoint","urlTemplate":"https:\/\/locd.fr\/?s={search_term_string}"},"query-input":{"@type":"PropertyValueSpecification","valueRequired":true,"valueName":"search_term_string"}}],"inLanguage":"fr-FR"},{"@type":"Organization","@id":"https:\/\/locd.fr\/#organization","name":"LOCD.FR","url":"https:\/\/locd.fr\/","logo":{"@type":"ImageObject","inLanguage":"fr-FR","@id":"https:\/\/locd.fr\/#\/schema\/logo\/image\/","url":"https:\/\/locd.fr\/wp-content\/uploads\/2023\/09\/locd.fr_.png","contentUrl":"https:\/\/locd.fr\/wp-content\/uploads\/2023\/09\/locd.fr_.png","width":500,"height":500,"caption":"LOCD.FR"},"image":{"@id":"https:\/\/locd.fr\/#\/schema\/logo\/image\/"},"sameAs":["https:\/\/www.facebook.com\/Dareilyloc"]}]}},"_links":{"self":[{"href":"https:\/\/locd.fr\/wp-json\/wp\/v2\/product\/1187","targetHints":{"allow":["GET"]}}],"collection":[{"href":"https:\/\/locd.fr\/wp-json\/wp\/v2\/product"}],"about":[{"href":"https:\/\/locd.fr\/wp-json\/wp\/v2\/types\/product"}],"wp:featuredmedia":[{"embeddable":true,"href":"https:\/\/locd.fr\/wp-json\/wp\/v2\/media\/1188"}],"wp:attachment":[{"href":"https:\/\/locd.fr\/wp-json\/wp\/v2\/media?parent=1187"}],"wp:term":[{"taxonomy":"product_brand","embeddable":true,"href":"https:\/\/locd.fr\/wp-json\/wp\/v2\/product_brand?post=1187"},{"taxonomy":"product_cat","embeddable":true,"href":"https:\/\/locd.fr\/wp-json\/wp\/v2\/product_cat?post=1187"},{"taxonomy":"product_tag","embeddable":true,"href":"https:\/\/locd.fr\/wp-json\/wp\/v2\/product_tag?post=1187"}],"curies":[{"name":"wp","href":"https:\/\/api.w.org\/{rel}","templated":true}]}}