{"id":1198,"date":"2023-09-19T19:40:47","date_gmt":"2023-09-19T19:40:47","guid":{"rendered":"https:\/\/locationoutillage.dareily.com\/?post_type=product&#038;p=1198"},"modified":"2026-03-30T15:58:39","modified_gmt":"2026-03-30T15:58:39","slug":"scie-sabre-18v-dewalt","status":"publish","type":"product","link":"https:\/\/locd.fr\/produit\/scie-sabre-18v-dewalt\/","title":{"rendered":"Scie sabre sans fil"},"content":{"rendered":"<p>Grace \u00e0 la location de la scie sabre sans fil 18V est tr\u00e8s utile pour couper de bois, le plastique et m\u00eame de l&rsquo;acier. La scie sabre sans fil 18V permet de r\u00e9aliser des coupes difficiles. Elle est parfaite pour r\u00e9aliser vos d\u00e9coupes dans les endroit difficiles d&rsquo;acc\u00e8s et restreint. C&rsquo;est un outil compact qui vous permet une libert\u00e9 de mouvement. Plusieurs lames sont disponible en vente ou en location pour la scie sabre 18V sur notre site locd.fr<\/p>\n<h3>Comment transporter la scie sabre sans fil ?<\/h3>\n<p>La scie sabre (poids 2.7kg, dimension 425*195mm)\u00a0 se transportent tout simplement dans le coffre d&rsquo;un v\u00e9hicule de tourisme. Vous pouvez profiter de notre service livraison et faire livrer cet appareil sur votre chantier \/ chez vous \u00e0 l&rsquo;heure convenue.<\/p>\n<p>&nbsp;<\/p>\n<h3>Utiliser la scie sabre, comment faire ?<\/h3>\n<p>Lors de votre location de l&rsquo;appareil, une\u00a0<strong>fiche \u00ab\u00a0Conseils notice\u00a0\u00bb<\/strong> est \u00e0 disposition sur le site internet. Cette fiche \u00ab\u00a0Conseils notice\u00a0\u00bb rappelle les <strong>r\u00e8gles de s\u00e9curit\u00e9<\/strong> \u00e0 respecter scrupuleusement. Notice d&rsquo;utilisation simplifi\u00e9e. Elle d\u00e9taille toute les <strong>op\u00e9rations \u00e0 effectuer<\/strong> pour profiter au mieux de outil en toute s\u00e9curit\u00e9 :<\/p>\n<ul>\n<li>choisir correctement les lames pour l&rsquo;utilisation demander ;<\/li>\n<li>mise en place de la lame ;<\/li>\n<li>mettre en place la batterie<\/li>\n<li>recharger la batterie apr\u00e8s chaque utilisation<\/li>\n<\/ul>\n<p>Pour votre s\u00e9curit\u00e9 lors de vos travaux, vous trouverez en vente, dans votre agence outil.dareilyloc. De nombreux <strong>\u00c9quipements de Protection Individuelle<\/strong> (E.P.I.); des gants de manutention, des lunettes de protection, des masques, un casque antibruit 25.5 dB ou un lot de 6 paires de bouchons d&rsquo;oreilles\u2026<\/p>\n<p>&nbsp;<\/p>\n<h3>Prix \/ tarifs de location de la scie sabre<\/h3>\n<p>Les prix de location de la scie sabre ont \u00e9t\u00e9 \u00e9labor\u00e9s pour r\u00e9pondre aux besoins les plus fr\u00e9quents des professionnels du B\u00e2timent comme des particuliers. Pour un besoin tr\u00e8s ponctuel, le <strong>forfait journ\u00e9e<\/strong> donnera satisfaction avec la mise \u00e0 disposition du mat\u00e9riel pour 12 heures ou pour un week-end. Pour des chantiers \u00e9tal\u00e9s sur plusieurs jours, voire semaines, les\u00a0<strong>formules d\u00e9gressives<\/strong> s&rsquo;appliqueront. Nos \u00e9quipiers pourront \u00e9tablir gratuitement un devis.<\/p>\n<p>&nbsp;<\/p>\n<p>Notice \u00e0 lire imp\u00e9rativement<\/p>\n<p>&nbsp;<\/p>\n<table class=\"table-data-sheet\">\n<tbody>\n<tr class=\"comparison_header\">\n<td id=\"0\" colspan=\"2\">&nbsp;<\/p>\n<p>CARACT\u00c9RISTIQUES G\u00c9N\u00c9RALES<\/td>\n<\/tr>\n<tr class=\"feature_value 0 odd\">\n<td>Type d&rsquo;alimentation<\/td>\n<td>Batterie<\/td>\n<\/tr>\n<tr class=\"feature_value 0 even\">\n<td>Tension de batterie<\/td>\n<td>18 V<\/td>\n<\/tr>\n<tr class=\"feature_value 0 odd\">\n<td>Composition chimique batterie<\/td>\n<td>Li-Ion<\/td>\n<\/tr>\n<tr class=\"feature_value 0 even\">\n<td>Nombre de batteries fournies<\/td>\n<td>Aucune<\/td>\n<\/tr>\n<tr class=\"feature_value 0 odd\">\n<td>Batteries compatibles<\/td>\n<td>Gamme XR 18V<\/td>\n<\/tr>\n<tr class=\"feature_value 0 even\">\n<td>Cadence de coupe maximale<\/td>\n<td>2950 cps\/min<\/td>\n<\/tr>\n<tr class=\"feature_value 0 odd\">\n<td>Longueur de course<\/td>\n<td>28.6 mm<\/td>\n<\/tr>\n<tr class=\"feature_value 0 even\">\n<td>Capacit\u00e9 de coupe (bois)<\/td>\n<td>300 mm<\/td>\n<\/tr>\n<tr class=\"feature_value 0 odd\">\n<td>Capacit\u00e9 de coupe (tube acier)<\/td>\n<td>100 mm<\/td>\n<\/tr>\n<tr class=\"comparison_header\">\n<td id=\"1\" colspan=\"2\">NIVEAUX SONORES \/ VIBRATOIRES<\/td>\n<\/tr>\n<tr class=\"feature_value 1 even\">\n<td>Pression sonore (Lpa)<\/td>\n<td>87 dB (A)<\/td>\n<\/tr>\n<tr class=\"feature_value 1 odd\">\n<td>Puissance sonore (Lwa)<\/td>\n<td>99 dB (A)<\/td>\n<\/tr>\n<tr class=\"feature_value 1 even\">\n<td>Marge d&rsquo;incertitude bruit (K)<\/td>\n<td>3 dB(A)<\/td>\n<\/tr>\n<tr class=\"comparison_header\">\n<td id=\"2\" colspan=\"2\">POIDS \/ DIMENSIONS<\/td>\n<\/tr>\n<tr class=\"feature_value 2 odd\">\n<td>Poids net EPTA<\/td>\n<td>2.7 kg<\/td>\n<\/tr>\n<tr class=\"feature_value 2 even\">\n<td>Dimensions (L x h)<\/td>\n<td>425 x 195 mm<\/td>\n<\/tr>\n<\/tbody>\n<\/table>\n<p>&nbsp;<\/p>\n<p>empreinte bancaire non pr\u00e9lev\u00e9e:<\/p>\n","protected":false},"excerpt":{"rendered":"<p>Grace \u00e0 la location de la scie sabre sans fil 18V est tr\u00e8s utile pour couper de bois, le plastique et m\u00eame de l&rsquo;acier. La scie sabre sans fil 18V permet de r\u00e9aliser des coupes difficiles. Elle est parfaite pour r\u00e9aliser vos d\u00e9coupes dans les endroit difficiles d&rsquo;acc\u00e8s et restreint. C&rsquo;est un outil compact qui [&hellip;]<\/p>\n","protected":false},"featured_media":1199,"template":"","meta":{"om_disable_all_campaigns":false,"_monsterinsights_skip_tracking":false,"_monsterinsights_sitenote_active":false,"_monsterinsights_sitenote_note":"","_monsterinsights_sitenote_category":0},"product_brand":[],"product_cat":[66],"product_tag":[],"class_list":{"0":"post-1198","1":"product","2":"type-product","3":"status-publish","4":"has-post-thumbnail","6":"product_cat-decoupe-beton-bois-metal","8":"entry","9":"has-media","11":"first","12":"instock","13":"sold-individually","14":"shipping-taxable","15":"purchasable","16":"product-type-simple","17":"has-product-nav","18":"col","19":"span_1_of_3","20":"owp-content-center","21":"owp-thumbs-layout-horizontal","22":"owp-btn-normal","23":"owp-tabs-layout-horizontal","24":"has-no-thumbnails"},"yoast_head":"<!-- This site is optimized with the Yoast SEO plugin v24.0 - https:\/\/yoast.com\/wordpress\/plugins\/seo\/ -->\n<title>Location Scie sabre sans fil - Location outillage et mat\u00e9riel Montpellier Juvignac H\u00e9rault<\/title>\n<meta name=\"description\" content=\"Location \u00e0 partir de 19\u20ac\/J Location outillage et mat\u00e9riel Montpellier Juvignac H\u00e9rault outil.dareilyloc.com Scie sabre sans fil\" \/>\n<meta name=\"robots\" content=\"index, follow, max-snippet:-1, max-image-preview:large, max-video-preview:-1\" \/>\n<link rel=\"canonical\" href=\"https:\/\/locd.fr\/produit\/scie-sabre-18v-dewalt\/\" \/>\n<meta property=\"og:locale\" content=\"fr_FR\" \/>\n<meta property=\"og:type\" content=\"article\" \/>\n<meta property=\"og:title\" content=\"Location Scie sabre sans fil - Location outillage et mat\u00e9riel Montpellier Juvignac H\u00e9rault\" \/>\n<meta property=\"og:description\" content=\"Location \u00e0 partir de 19\u20ac\/J Location outillage et mat\u00e9riel Montpellier Juvignac H\u00e9rault outil.dareilyloc.com Scie sabre sans fil\" \/>\n<meta property=\"og:url\" content=\"https:\/\/locd.fr\/produit\/scie-sabre-18v-dewalt\/\" \/>\n<meta property=\"og:site_name\" content=\"Location outillage et mat\u00e9riel Montpellier Juvignac H\u00e9rault\" \/>\n<meta property=\"article:publisher\" content=\"https:\/\/www.facebook.com\/Dareilyloc\" \/>\n<meta property=\"article:modified_time\" content=\"2026-03-30T15:58:39+00:00\" \/>\n<meta property=\"og:image\" content=\"https:\/\/locd.fr\/wp-content\/uploads\/2023\/09\/scie-sabre-dewalt.png\" \/>\n\t<meta property=\"og:image:width\" content=\"600\" \/>\n\t<meta property=\"og:image:height\" content=\"600\" \/>\n\t<meta property=\"og:image:type\" content=\"image\/png\" \/>\n<meta name=\"twitter:card\" content=\"summary_large_image\" \/>\n<meta name=\"twitter:label1\" content=\"Dur\u00e9e de lecture estim\u00e9e\" \/>\n\t<meta name=\"twitter:data1\" content=\"3 minutes\" \/>\n<script type=\"application\/ld+json\" class=\"yoast-schema-graph\">{\"@context\":\"https:\/\/schema.org\",\"@graph\":[{\"@type\":\"WebPage\",\"@id\":\"https:\/\/locd.fr\/produit\/scie-sabre-18v-dewalt\/\",\"url\":\"https:\/\/locd.fr\/produit\/scie-sabre-18v-dewalt\/\",\"name\":\"Location Scie sabre sans fil - Location outillage et mat\u00e9riel Montpellier Juvignac H\u00e9rault\",\"isPartOf\":{\"@id\":\"https:\/\/locd.fr\/#website\"},\"primaryImageOfPage\":{\"@id\":\"https:\/\/locd.fr\/produit\/scie-sabre-18v-dewalt\/#primaryimage\"},\"image\":{\"@id\":\"https:\/\/locd.fr\/produit\/scie-sabre-18v-dewalt\/#primaryimage\"},\"thumbnailUrl\":\"https:\/\/locd.fr\/wp-content\/uploads\/2023\/09\/scie-sabre-dewalt.png\",\"datePublished\":\"2023-09-19T19:40:47+00:00\",\"dateModified\":\"2026-03-30T15:58:39+00:00\",\"description\":\"Location \u00e0 partir de 19\u20ac\/J Location outillage et mat\u00e9riel Montpellier Juvignac H\u00e9rault outil.dareilyloc.com Scie sabre sans fil\",\"breadcrumb\":{\"@id\":\"https:\/\/locd.fr\/produit\/scie-sabre-18v-dewalt\/#breadcrumb\"},\"inLanguage\":\"fr-FR\",\"potentialAction\":[{\"@type\":\"ReadAction\",\"target\":[\"https:\/\/locd.fr\/produit\/scie-sabre-18v-dewalt\/\"]}]},{\"@type\":\"ImageObject\",\"inLanguage\":\"fr-FR\",\"@id\":\"https:\/\/locd.fr\/produit\/scie-sabre-18v-dewalt\/#primaryimage\",\"url\":\"https:\/\/locd.fr\/wp-content\/uploads\/2023\/09\/scie-sabre-dewalt.png\",\"contentUrl\":\"https:\/\/locd.fr\/wp-content\/uploads\/2023\/09\/scie-sabre-dewalt.png\",\"width\":600,\"height\":600,\"caption\":\"scie sabre dewalt location dareily montpellier\"},{\"@type\":\"BreadcrumbList\",\"@id\":\"https:\/\/locd.fr\/produit\/scie-sabre-18v-dewalt\/#breadcrumb\",\"itemListElement\":[{\"@type\":\"ListItem\",\"position\":1,\"name\":\"Accueil\",\"item\":\"https:\/\/locd.fr\/\"},{\"@type\":\"ListItem\",\"position\":2,\"name\":\"Shop\",\"item\":\"https:\/\/locd.fr\/shop\/\"},{\"@type\":\"ListItem\",\"position\":3,\"name\":\"Scie sabre sans fil\"}]},{\"@type\":\"WebSite\",\"@id\":\"https:\/\/locd.fr\/#website\",\"url\":\"https:\/\/locd.fr\/\",\"name\":\"Location outil et mat\u00e9riel Montpellier Juvignac H\u00e9rault\",\"description\":\"Locd.fr la location de mat\u00e9riel 24\/24 simplifi\u00e9e\",\"publisher\":{\"@id\":\"https:\/\/locd.fr\/#organization\"},\"potentialAction\":[{\"@type\":\"SearchAction\",\"target\":{\"@type\":\"EntryPoint\",\"urlTemplate\":\"https:\/\/locd.fr\/?s={search_term_string}\"},\"query-input\":{\"@type\":\"PropertyValueSpecification\",\"valueRequired\":true,\"valueName\":\"search_term_string\"}}],\"inLanguage\":\"fr-FR\"},{\"@type\":\"Organization\",\"@id\":\"https:\/\/locd.fr\/#organization\",\"name\":\"LOCD.FR\",\"url\":\"https:\/\/locd.fr\/\",\"logo\":{\"@type\":\"ImageObject\",\"inLanguage\":\"fr-FR\",\"@id\":\"https:\/\/locd.fr\/#\/schema\/logo\/image\/\",\"url\":\"https:\/\/locd.fr\/wp-content\/uploads\/2023\/09\/locd.fr_.png\",\"contentUrl\":\"https:\/\/locd.fr\/wp-content\/uploads\/2023\/09\/locd.fr_.png\",\"width\":500,\"height\":500,\"caption\":\"LOCD.FR\"},\"image\":{\"@id\":\"https:\/\/locd.fr\/#\/schema\/logo\/image\/\"},\"sameAs\":[\"https:\/\/www.facebook.com\/Dareilyloc\"]}]}<\/script>\n<!-- \/ Yoast SEO plugin. -->","yoast_head_json":{"title":"Location Scie sabre sans fil - Location outillage et mat\u00e9riel Montpellier Juvignac H\u00e9rault","description":"Location \u00e0 partir de 19\u20ac\/J Location outillage et mat\u00e9riel Montpellier Juvignac H\u00e9rault outil.dareilyloc.com Scie sabre sans fil","robots":{"index":"index","follow":"follow","max-snippet":"max-snippet:-1","max-image-preview":"max-image-preview:large","max-video-preview":"max-video-preview:-1"},"canonical":"https:\/\/locd.fr\/produit\/scie-sabre-18v-dewalt\/","og_locale":"fr_FR","og_type":"article","og_title":"Location Scie sabre sans fil - Location outillage et mat\u00e9riel Montpellier Juvignac H\u00e9rault","og_description":"Location \u00e0 partir de 19\u20ac\/J Location outillage et mat\u00e9riel Montpellier Juvignac H\u00e9rault outil.dareilyloc.com Scie sabre sans fil","og_url":"https:\/\/locd.fr\/produit\/scie-sabre-18v-dewalt\/","og_site_name":"Location outillage et mat\u00e9riel Montpellier Juvignac H\u00e9rault","article_publisher":"https:\/\/www.facebook.com\/Dareilyloc","article_modified_time":"2026-03-30T15:58:39+00:00","og_image":[{"width":600,"height":600,"url":"https:\/\/locd.fr\/wp-content\/uploads\/2023\/09\/scie-sabre-dewalt.png","type":"image\/png"}],"twitter_card":"summary_large_image","twitter_misc":{"Dur\u00e9e de lecture estim\u00e9e":"3 minutes"},"schema":{"@context":"https:\/\/schema.org","@graph":[{"@type":"WebPage","@id":"https:\/\/locd.fr\/produit\/scie-sabre-18v-dewalt\/","url":"https:\/\/locd.fr\/produit\/scie-sabre-18v-dewalt\/","name":"Location Scie sabre sans fil - Location outillage et mat\u00e9riel Montpellier Juvignac H\u00e9rault","isPartOf":{"@id":"https:\/\/locd.fr\/#website"},"primaryImageOfPage":{"@id":"https:\/\/locd.fr\/produit\/scie-sabre-18v-dewalt\/#primaryimage"},"image":{"@id":"https:\/\/locd.fr\/produit\/scie-sabre-18v-dewalt\/#primaryimage"},"thumbnailUrl":"https:\/\/locd.fr\/wp-content\/uploads\/2023\/09\/scie-sabre-dewalt.png","datePublished":"2023-09-19T19:40:47+00:00","dateModified":"2026-03-30T15:58:39+00:00","description":"Location \u00e0 partir de 19\u20ac\/J Location outillage et mat\u00e9riel Montpellier Juvignac H\u00e9rault outil.dareilyloc.com Scie sabre sans fil","breadcrumb":{"@id":"https:\/\/locd.fr\/produit\/scie-sabre-18v-dewalt\/#breadcrumb"},"inLanguage":"fr-FR","potentialAction":[{"@type":"ReadAction","target":["https:\/\/locd.fr\/produit\/scie-sabre-18v-dewalt\/"]}]},{"@type":"ImageObject","inLanguage":"fr-FR","@id":"https:\/\/locd.fr\/produit\/scie-sabre-18v-dewalt\/#primaryimage","url":"https:\/\/locd.fr\/wp-content\/uploads\/2023\/09\/scie-sabre-dewalt.png","contentUrl":"https:\/\/locd.fr\/wp-content\/uploads\/2023\/09\/scie-sabre-dewalt.png","width":600,"height":600,"caption":"scie sabre dewalt location dareily montpellier"},{"@type":"BreadcrumbList","@id":"https:\/\/locd.fr\/produit\/scie-sabre-18v-dewalt\/#breadcrumb","itemListElement":[{"@type":"ListItem","position":1,"name":"Accueil","item":"https:\/\/locd.fr\/"},{"@type":"ListItem","position":2,"name":"Shop","item":"https:\/\/locd.fr\/shop\/"},{"@type":"ListItem","position":3,"name":"Scie sabre sans fil"}]},{"@type":"WebSite","@id":"https:\/\/locd.fr\/#website","url":"https:\/\/locd.fr\/","name":"Location outil et mat\u00e9riel Montpellier Juvignac H\u00e9rault","description":"Locd.fr la location de mat\u00e9riel 24\/24 simplifi\u00e9e","publisher":{"@id":"https:\/\/locd.fr\/#organization"},"potentialAction":[{"@type":"SearchAction","target":{"@type":"EntryPoint","urlTemplate":"https:\/\/locd.fr\/?s={search_term_string}"},"query-input":{"@type":"PropertyValueSpecification","valueRequired":true,"valueName":"search_term_string"}}],"inLanguage":"fr-FR"},{"@type":"Organization","@id":"https:\/\/locd.fr\/#organization","name":"LOCD.FR","url":"https:\/\/locd.fr\/","logo":{"@type":"ImageObject","inLanguage":"fr-FR","@id":"https:\/\/locd.fr\/#\/schema\/logo\/image\/","url":"https:\/\/locd.fr\/wp-content\/uploads\/2023\/09\/locd.fr_.png","contentUrl":"https:\/\/locd.fr\/wp-content\/uploads\/2023\/09\/locd.fr_.png","width":500,"height":500,"caption":"LOCD.FR"},"image":{"@id":"https:\/\/locd.fr\/#\/schema\/logo\/image\/"},"sameAs":["https:\/\/www.facebook.com\/Dareilyloc"]}]}},"_links":{"self":[{"href":"https:\/\/locd.fr\/wp-json\/wp\/v2\/product\/1198","targetHints":{"allow":["GET"]}}],"collection":[{"href":"https:\/\/locd.fr\/wp-json\/wp\/v2\/product"}],"about":[{"href":"https:\/\/locd.fr\/wp-json\/wp\/v2\/types\/product"}],"wp:featuredmedia":[{"embeddable":true,"href":"https:\/\/locd.fr\/wp-json\/wp\/v2\/media\/1199"}],"wp:attachment":[{"href":"https:\/\/locd.fr\/wp-json\/wp\/v2\/media?parent=1198"}],"wp:term":[{"taxonomy":"product_brand","embeddable":true,"href":"https:\/\/locd.fr\/wp-json\/wp\/v2\/product_brand?post=1198"},{"taxonomy":"product_cat","embeddable":true,"href":"https:\/\/locd.fr\/wp-json\/wp\/v2\/product_cat?post=1198"},{"taxonomy":"product_tag","embeddable":true,"href":"https:\/\/locd.fr\/wp-json\/wp\/v2\/product_tag?post=1198"}],"curies":[{"name":"wp","href":"https:\/\/api.w.org\/{rel}","templated":true}]}}