{"id":1790,"date":"2023-10-08T17:32:12","date_gmt":"2023-10-08T17:32:12","guid":{"rendered":"https:\/\/outil.dareilyloc.com\/?post_type=product&#038;p=1790"},"modified":"2026-04-08T16:00:44","modified_gmt":"2026-04-08T16:00:44","slug":"decoulleuse-papier-peint","status":"publish","type":"product","link":"https:\/\/locd.fr\/produit\/decoulleuse-papier-peint\/","title":{"rendered":"D\u00e9coulleuse papier peint"},"content":{"rendered":"<p>D\u00e9colleuse papier peint 4.5l<\/p>\n<p>accessoire grande plaque<\/p>\n<p>empreinte bancaire non pr\u00e9lev\u00e9e:<\/p>\n","protected":false},"excerpt":{"rendered":"<p>D\u00e9colleuse papier peint 4.5l accessoire grande plaque empreinte bancaire non pr\u00e9lev\u00e9e:<\/p>\n","protected":false},"featured_media":1791,"template":"","meta":{"om_disable_all_campaigns":false,"_monsterinsights_skip_tracking":false,"_monsterinsights_sitenote_active":false,"_monsterinsights_sitenote_note":"","_monsterinsights_sitenote_category":0},"product_brand":[],"product_cat":[65],"product_tag":[],"class_list":{"0":"post-1790","1":"product","2":"type-product","3":"status-publish","4":"has-post-thumbnail","6":"product_cat-outillage","8":"entry","9":"has-media","11":"first","12":"instock","13":"sold-individually","14":"shipping-taxable","15":"purchasable","16":"product-type-simple","17":"has-product-nav","18":"col","19":"span_1_of_3","20":"owp-content-center","21":"owp-thumbs-layout-horizontal","22":"owp-btn-normal","23":"owp-tabs-layout-horizontal","24":"has-no-thumbnails"},"yoast_head":"<!-- This site is optimized with the Yoast SEO plugin v24.0 - https:\/\/yoast.com\/wordpress\/plugins\/seo\/ -->\n<title>D\u00e9coulleuse papier peint - Location outillage et mat\u00e9riel Montpellier Juvignac H\u00e9rault<\/title>\n<meta name=\"description\" content=\"Location outillage et mat\u00e9riel Montpellier Juvignac H\u00e9rault D\u00e9coulleuse papier peint\" \/>\n<meta name=\"robots\" content=\"index, follow, max-snippet:-1, max-image-preview:large, max-video-preview:-1\" \/>\n<link rel=\"canonical\" href=\"https:\/\/locd.fr\/produit\/decoulleuse-papier-peint\/\" \/>\n<meta property=\"og:locale\" content=\"fr_FR\" \/>\n<meta property=\"og:type\" content=\"article\" \/>\n<meta property=\"og:title\" content=\"D\u00e9coulleuse papier peint - Location outillage et mat\u00e9riel Montpellier Juvignac H\u00e9rault\" \/>\n<meta property=\"og:description\" content=\"Location outillage et mat\u00e9riel Montpellier Juvignac H\u00e9rault D\u00e9coulleuse papier peint\" \/>\n<meta property=\"og:url\" content=\"https:\/\/locd.fr\/produit\/decoulleuse-papier-peint\/\" \/>\n<meta property=\"og:site_name\" content=\"Location outillage et mat\u00e9riel Montpellier Juvignac H\u00e9rault\" \/>\n<meta property=\"article:publisher\" content=\"https:\/\/www.facebook.com\/Dareilyloc\" \/>\n<meta property=\"article:modified_time\" content=\"2026-04-08T16:00:44+00:00\" \/>\n<meta property=\"og:image\" content=\"https:\/\/locd.fr\/wp-content\/uploads\/2023\/10\/Decolleuse-papier-peint-location-materiel-montpellier.png\" \/>\n\t<meta property=\"og:image:width\" content=\"608\" \/>\n\t<meta property=\"og:image:height\" content=\"604\" \/>\n\t<meta property=\"og:image:type\" content=\"image\/png\" \/>\n<meta name=\"twitter:card\" content=\"summary_large_image\" \/>\n<meta name=\"twitter:label1\" content=\"Dur\u00e9e de lecture estim\u00e9e\" \/>\n\t<meta name=\"twitter:data1\" content=\"1 minute\" \/>\n<script type=\"application\/ld+json\" class=\"yoast-schema-graph\">{\"@context\":\"https:\/\/schema.org\",\"@graph\":[{\"@type\":\"WebPage\",\"@id\":\"https:\/\/locd.fr\/produit\/decoulleuse-papier-peint\/\",\"url\":\"https:\/\/locd.fr\/produit\/decoulleuse-papier-peint\/\",\"name\":\"D\u00e9coulleuse papier peint - Location outillage et mat\u00e9riel Montpellier Juvignac H\u00e9rault\",\"isPartOf\":{\"@id\":\"https:\/\/locd.fr\/#website\"},\"primaryImageOfPage\":{\"@id\":\"https:\/\/locd.fr\/produit\/decoulleuse-papier-peint\/#primaryimage\"},\"image\":{\"@id\":\"https:\/\/locd.fr\/produit\/decoulleuse-papier-peint\/#primaryimage\"},\"thumbnailUrl\":\"https:\/\/locd.fr\/wp-content\/uploads\/2023\/10\/Decolleuse-papier-peint-location-materiel-montpellier.png\",\"datePublished\":\"2023-10-08T17:32:12+00:00\",\"dateModified\":\"2026-04-08T16:00:44+00:00\",\"description\":\"Location outillage et mat\u00e9riel Montpellier Juvignac H\u00e9rault D\u00e9coulleuse papier peint\",\"breadcrumb\":{\"@id\":\"https:\/\/locd.fr\/produit\/decoulleuse-papier-peint\/#breadcrumb\"},\"inLanguage\":\"fr-FR\",\"potentialAction\":[{\"@type\":\"ReadAction\",\"target\":[\"https:\/\/locd.fr\/produit\/decoulleuse-papier-peint\/\"]}]},{\"@type\":\"ImageObject\",\"inLanguage\":\"fr-FR\",\"@id\":\"https:\/\/locd.fr\/produit\/decoulleuse-papier-peint\/#primaryimage\",\"url\":\"https:\/\/locd.fr\/wp-content\/uploads\/2023\/10\/Decolleuse-papier-peint-location-materiel-montpellier.png\",\"contentUrl\":\"https:\/\/locd.fr\/wp-content\/uploads\/2023\/10\/Decolleuse-papier-peint-location-materiel-montpellier.png\",\"width\":608,\"height\":604,\"caption\":\"D\u00e9colleuse papier peint location mat\u00e9riel montpellier\"},{\"@type\":\"BreadcrumbList\",\"@id\":\"https:\/\/locd.fr\/produit\/decoulleuse-papier-peint\/#breadcrumb\",\"itemListElement\":[{\"@type\":\"ListItem\",\"position\":1,\"name\":\"Accueil\",\"item\":\"https:\/\/locd.fr\/\"},{\"@type\":\"ListItem\",\"position\":2,\"name\":\"Shop\",\"item\":\"https:\/\/locd.fr\/shop\/\"},{\"@type\":\"ListItem\",\"position\":3,\"name\":\"D\u00e9coulleuse papier peint\"}]},{\"@type\":\"WebSite\",\"@id\":\"https:\/\/locd.fr\/#website\",\"url\":\"https:\/\/locd.fr\/\",\"name\":\"Location outil et mat\u00e9riel Montpellier Juvignac H\u00e9rault\",\"description\":\"Locd.fr la location de mat\u00e9riel 24\/24 simplifi\u00e9e\",\"publisher\":{\"@id\":\"https:\/\/locd.fr\/#organization\"},\"potentialAction\":[{\"@type\":\"SearchAction\",\"target\":{\"@type\":\"EntryPoint\",\"urlTemplate\":\"https:\/\/locd.fr\/?s={search_term_string}\"},\"query-input\":{\"@type\":\"PropertyValueSpecification\",\"valueRequired\":true,\"valueName\":\"search_term_string\"}}],\"inLanguage\":\"fr-FR\"},{\"@type\":\"Organization\",\"@id\":\"https:\/\/locd.fr\/#organization\",\"name\":\"LOCD.FR\",\"url\":\"https:\/\/locd.fr\/\",\"logo\":{\"@type\":\"ImageObject\",\"inLanguage\":\"fr-FR\",\"@id\":\"https:\/\/locd.fr\/#\/schema\/logo\/image\/\",\"url\":\"https:\/\/locd.fr\/wp-content\/uploads\/2023\/09\/locd.fr_.png\",\"contentUrl\":\"https:\/\/locd.fr\/wp-content\/uploads\/2023\/09\/locd.fr_.png\",\"width\":500,\"height\":500,\"caption\":\"LOCD.FR\"},\"image\":{\"@id\":\"https:\/\/locd.fr\/#\/schema\/logo\/image\/\"},\"sameAs\":[\"https:\/\/www.facebook.com\/Dareilyloc\"]}]}<\/script>\n<!-- \/ Yoast SEO plugin. -->","yoast_head_json":{"title":"D\u00e9coulleuse papier peint - Location outillage et mat\u00e9riel Montpellier Juvignac H\u00e9rault","description":"Location outillage et mat\u00e9riel Montpellier Juvignac H\u00e9rault D\u00e9coulleuse papier peint","robots":{"index":"index","follow":"follow","max-snippet":"max-snippet:-1","max-image-preview":"max-image-preview:large","max-video-preview":"max-video-preview:-1"},"canonical":"https:\/\/locd.fr\/produit\/decoulleuse-papier-peint\/","og_locale":"fr_FR","og_type":"article","og_title":"D\u00e9coulleuse papier peint - Location outillage et mat\u00e9riel Montpellier Juvignac H\u00e9rault","og_description":"Location outillage et mat\u00e9riel Montpellier Juvignac H\u00e9rault D\u00e9coulleuse papier peint","og_url":"https:\/\/locd.fr\/produit\/decoulleuse-papier-peint\/","og_site_name":"Location outillage et mat\u00e9riel Montpellier Juvignac H\u00e9rault","article_publisher":"https:\/\/www.facebook.com\/Dareilyloc","article_modified_time":"2026-04-08T16:00:44+00:00","og_image":[{"width":608,"height":604,"url":"https:\/\/locd.fr\/wp-content\/uploads\/2023\/10\/Decolleuse-papier-peint-location-materiel-montpellier.png","type":"image\/png"}],"twitter_card":"summary_large_image","twitter_misc":{"Dur\u00e9e de lecture estim\u00e9e":"1 minute"},"schema":{"@context":"https:\/\/schema.org","@graph":[{"@type":"WebPage","@id":"https:\/\/locd.fr\/produit\/decoulleuse-papier-peint\/","url":"https:\/\/locd.fr\/produit\/decoulleuse-papier-peint\/","name":"D\u00e9coulleuse papier peint - Location outillage et mat\u00e9riel Montpellier Juvignac H\u00e9rault","isPartOf":{"@id":"https:\/\/locd.fr\/#website"},"primaryImageOfPage":{"@id":"https:\/\/locd.fr\/produit\/decoulleuse-papier-peint\/#primaryimage"},"image":{"@id":"https:\/\/locd.fr\/produit\/decoulleuse-papier-peint\/#primaryimage"},"thumbnailUrl":"https:\/\/locd.fr\/wp-content\/uploads\/2023\/10\/Decolleuse-papier-peint-location-materiel-montpellier.png","datePublished":"2023-10-08T17:32:12+00:00","dateModified":"2026-04-08T16:00:44+00:00","description":"Location outillage et mat\u00e9riel Montpellier Juvignac H\u00e9rault D\u00e9coulleuse papier peint","breadcrumb":{"@id":"https:\/\/locd.fr\/produit\/decoulleuse-papier-peint\/#breadcrumb"},"inLanguage":"fr-FR","potentialAction":[{"@type":"ReadAction","target":["https:\/\/locd.fr\/produit\/decoulleuse-papier-peint\/"]}]},{"@type":"ImageObject","inLanguage":"fr-FR","@id":"https:\/\/locd.fr\/produit\/decoulleuse-papier-peint\/#primaryimage","url":"https:\/\/locd.fr\/wp-content\/uploads\/2023\/10\/Decolleuse-papier-peint-location-materiel-montpellier.png","contentUrl":"https:\/\/locd.fr\/wp-content\/uploads\/2023\/10\/Decolleuse-papier-peint-location-materiel-montpellier.png","width":608,"height":604,"caption":"D\u00e9colleuse papier peint location mat\u00e9riel montpellier"},{"@type":"BreadcrumbList","@id":"https:\/\/locd.fr\/produit\/decoulleuse-papier-peint\/#breadcrumb","itemListElement":[{"@type":"ListItem","position":1,"name":"Accueil","item":"https:\/\/locd.fr\/"},{"@type":"ListItem","position":2,"name":"Shop","item":"https:\/\/locd.fr\/shop\/"},{"@type":"ListItem","position":3,"name":"D\u00e9coulleuse papier peint"}]},{"@type":"WebSite","@id":"https:\/\/locd.fr\/#website","url":"https:\/\/locd.fr\/","name":"Location outil et mat\u00e9riel Montpellier Juvignac H\u00e9rault","description":"Locd.fr la location de mat\u00e9riel 24\/24 simplifi\u00e9e","publisher":{"@id":"https:\/\/locd.fr\/#organization"},"potentialAction":[{"@type":"SearchAction","target":{"@type":"EntryPoint","urlTemplate":"https:\/\/locd.fr\/?s={search_term_string}"},"query-input":{"@type":"PropertyValueSpecification","valueRequired":true,"valueName":"search_term_string"}}],"inLanguage":"fr-FR"},{"@type":"Organization","@id":"https:\/\/locd.fr\/#organization","name":"LOCD.FR","url":"https:\/\/locd.fr\/","logo":{"@type":"ImageObject","inLanguage":"fr-FR","@id":"https:\/\/locd.fr\/#\/schema\/logo\/image\/","url":"https:\/\/locd.fr\/wp-content\/uploads\/2023\/09\/locd.fr_.png","contentUrl":"https:\/\/locd.fr\/wp-content\/uploads\/2023\/09\/locd.fr_.png","width":500,"height":500,"caption":"LOCD.FR"},"image":{"@id":"https:\/\/locd.fr\/#\/schema\/logo\/image\/"},"sameAs":["https:\/\/www.facebook.com\/Dareilyloc"]}]}},"_links":{"self":[{"href":"https:\/\/locd.fr\/wp-json\/wp\/v2\/product\/1790","targetHints":{"allow":["GET"]}}],"collection":[{"href":"https:\/\/locd.fr\/wp-json\/wp\/v2\/product"}],"about":[{"href":"https:\/\/locd.fr\/wp-json\/wp\/v2\/types\/product"}],"wp:featuredmedia":[{"embeddable":true,"href":"https:\/\/locd.fr\/wp-json\/wp\/v2\/media\/1791"}],"wp:attachment":[{"href":"https:\/\/locd.fr\/wp-json\/wp\/v2\/media?parent=1790"}],"wp:term":[{"taxonomy":"product_brand","embeddable":true,"href":"https:\/\/locd.fr\/wp-json\/wp\/v2\/product_brand?post=1790"},{"taxonomy":"product_cat","embeddable":true,"href":"https:\/\/locd.fr\/wp-json\/wp\/v2\/product_cat?post=1790"},{"taxonomy":"product_tag","embeddable":true,"href":"https:\/\/locd.fr\/wp-json\/wp\/v2\/product_tag?post=1790"}],"curies":[{"name":"wp","href":"https:\/\/api.w.org\/{rel}","templated":true}]}}