{"id":1958,"date":"2023-10-22T10:07:42","date_gmt":"2023-10-22T10:07:42","guid":{"rendered":"https:\/\/outil.dareilyloc.com\/?post_type=product&#038;p=1958"},"modified":"2025-07-22T09:03:34","modified_gmt":"2025-07-22T09:03:34","slug":"furet-debouche-canalisation-15m-karcher","status":"publish","type":"product","link":"https:\/\/locd.fr\/produit\/furet-debouche-canalisation-15m-karcher\/","title":{"rendered":"Furet hydrocurage canalisation 15m karcher"},"content":{"rendered":"<p>Furet hydrocurage debouche canalisation<\/p>\n<p>220 bar<\/p>\n<p>15m<\/p>\n<p>compatible karcher<\/p>\n<p>Empreinte bancaire non pr\u00e9lev\u00e9e:<\/p>\n","protected":false},"excerpt":{"rendered":"<p>Furet hydrocurage debouche canalisation 220 bar 15m compatible karcher Empreinte bancaire non pr\u00e9lev\u00e9e:<\/p>\n","protected":false},"featured_media":1959,"template":"","meta":{"om_disable_all_campaigns":false,"_monsterinsights_skip_tracking":false,"_monsterinsights_sitenote_active":false,"_monsterinsights_sitenote_note":"","_monsterinsights_sitenote_category":0},"product_brand":[],"product_cat":[115,65],"product_tag":[],"class_list":{"0":"post-1958","1":"product","2":"type-product","3":"status-publish","4":"has-post-thumbnail","6":"product_cat-plomberie-plectricite","7":"product_cat-outillage","9":"entry","10":"has-media","12":"first","13":"instock","14":"sold-individually","15":"shipping-taxable","16":"purchasable","17":"product-type-simple","18":"has-product-nav","19":"col","20":"span_1_of_3","21":"owp-content-center","22":"owp-thumbs-layout-horizontal","23":"owp-btn-normal","24":"owp-tabs-layout-horizontal","25":"has-no-thumbnails"},"yoast_head":"<!-- This site is optimized with the Yoast SEO plugin v24.0 - https:\/\/yoast.com\/wordpress\/plugins\/seo\/ -->\n<title>Furet hydrocurage canalisation 15m karcher - Location outillage et mat\u00e9riel Montpellier Juvignac H\u00e9rault<\/title>\n<meta name=\"description\" content=\"Location outillage et mat\u00e9riel Montpellier Juvignac H\u00e9rault Furet hydrocurage canalisation 15m karcher\" \/>\n<meta name=\"robots\" content=\"index, follow, max-snippet:-1, max-image-preview:large, max-video-preview:-1\" \/>\n<link rel=\"canonical\" href=\"https:\/\/locd.fr\/produit\/furet-debouche-canalisation-15m-karcher\/\" \/>\n<meta property=\"og:locale\" content=\"fr_FR\" \/>\n<meta property=\"og:type\" content=\"article\" \/>\n<meta property=\"og:title\" content=\"Furet hydrocurage canalisation 15m karcher - Location outillage et mat\u00e9riel Montpellier Juvignac H\u00e9rault\" \/>\n<meta property=\"og:description\" content=\"Location outillage et mat\u00e9riel Montpellier Juvignac H\u00e9rault Furet hydrocurage canalisation 15m karcher\" \/>\n<meta property=\"og:url\" content=\"https:\/\/locd.fr\/produit\/furet-debouche-canalisation-15m-karcher\/\" \/>\n<meta property=\"og:site_name\" content=\"Location outillage et mat\u00e9riel Montpellier Juvignac H\u00e9rault\" \/>\n<meta property=\"article:publisher\" content=\"https:\/\/www.facebook.com\/Dareilyloc\" \/>\n<meta property=\"article:modified_time\" content=\"2025-07-22T09:03:34+00:00\" \/>\n<meta property=\"og:image\" content=\"https:\/\/locd.fr\/wp-content\/uploads\/2023\/10\/Furet-debouche-canalisation-location-materiel-montpellier-dareily-loc.png\" \/>\n\t<meta property=\"og:image:width\" content=\"534\" \/>\n\t<meta property=\"og:image:height\" content=\"512\" \/>\n\t<meta property=\"og:image:type\" content=\"image\/png\" \/>\n<meta name=\"twitter:card\" content=\"summary_large_image\" \/>\n<meta name=\"twitter:label1\" content=\"Dur\u00e9e de lecture estim\u00e9e\" \/>\n\t<meta name=\"twitter:data1\" content=\"1 minute\" \/>\n<script type=\"application\/ld+json\" class=\"yoast-schema-graph\">{\"@context\":\"https:\/\/schema.org\",\"@graph\":[{\"@type\":\"WebPage\",\"@id\":\"https:\/\/locd.fr\/produit\/furet-debouche-canalisation-15m-karcher\/\",\"url\":\"https:\/\/locd.fr\/produit\/furet-debouche-canalisation-15m-karcher\/\",\"name\":\"Furet hydrocurage canalisation 15m karcher - Location outillage et mat\u00e9riel Montpellier Juvignac H\u00e9rault\",\"isPartOf\":{\"@id\":\"https:\/\/locd.fr\/#website\"},\"primaryImageOfPage\":{\"@id\":\"https:\/\/locd.fr\/produit\/furet-debouche-canalisation-15m-karcher\/#primaryimage\"},\"image\":{\"@id\":\"https:\/\/locd.fr\/produit\/furet-debouche-canalisation-15m-karcher\/#primaryimage\"},\"thumbnailUrl\":\"https:\/\/locd.fr\/wp-content\/uploads\/2023\/10\/Furet-debouche-canalisation-location-materiel-montpellier-dareily-loc.png\",\"datePublished\":\"2023-10-22T10:07:42+00:00\",\"dateModified\":\"2025-07-22T09:03:34+00:00\",\"description\":\"Location outillage et mat\u00e9riel Montpellier Juvignac H\u00e9rault Furet hydrocurage canalisation 15m karcher\",\"breadcrumb\":{\"@id\":\"https:\/\/locd.fr\/produit\/furet-debouche-canalisation-15m-karcher\/#breadcrumb\"},\"inLanguage\":\"fr-FR\",\"potentialAction\":[{\"@type\":\"ReadAction\",\"target\":[\"https:\/\/locd.fr\/produit\/furet-debouche-canalisation-15m-karcher\/\"]}]},{\"@type\":\"ImageObject\",\"inLanguage\":\"fr-FR\",\"@id\":\"https:\/\/locd.fr\/produit\/furet-debouche-canalisation-15m-karcher\/#primaryimage\",\"url\":\"https:\/\/locd.fr\/wp-content\/uploads\/2023\/10\/Furet-debouche-canalisation-location-materiel-montpellier-dareily-loc.png\",\"contentUrl\":\"https:\/\/locd.fr\/wp-content\/uploads\/2023\/10\/Furet-debouche-canalisation-location-materiel-montpellier-dareily-loc.png\",\"width\":534,\"height\":512,\"caption\":\"Furet debouche canalisation location materiel montpellier dareily loc\"},{\"@type\":\"BreadcrumbList\",\"@id\":\"https:\/\/locd.fr\/produit\/furet-debouche-canalisation-15m-karcher\/#breadcrumb\",\"itemListElement\":[{\"@type\":\"ListItem\",\"position\":1,\"name\":\"Accueil\",\"item\":\"https:\/\/locd.fr\/\"},{\"@type\":\"ListItem\",\"position\":2,\"name\":\"Shop\",\"item\":\"https:\/\/locd.fr\/shop\/\"},{\"@type\":\"ListItem\",\"position\":3,\"name\":\"Furet hydrocurage canalisation 15m karcher\"}]},{\"@type\":\"WebSite\",\"@id\":\"https:\/\/locd.fr\/#website\",\"url\":\"https:\/\/locd.fr\/\",\"name\":\"Location outil et mat\u00e9riel Montpellier Juvignac H\u00e9rault\",\"description\":\"Locd.fr la location de mat\u00e9riel 24\/24 simplifi\u00e9e\",\"publisher\":{\"@id\":\"https:\/\/locd.fr\/#organization\"},\"potentialAction\":[{\"@type\":\"SearchAction\",\"target\":{\"@type\":\"EntryPoint\",\"urlTemplate\":\"https:\/\/locd.fr\/?s={search_term_string}\"},\"query-input\":{\"@type\":\"PropertyValueSpecification\",\"valueRequired\":true,\"valueName\":\"search_term_string\"}}],\"inLanguage\":\"fr-FR\"},{\"@type\":\"Organization\",\"@id\":\"https:\/\/locd.fr\/#organization\",\"name\":\"LOCD.FR\",\"url\":\"https:\/\/locd.fr\/\",\"logo\":{\"@type\":\"ImageObject\",\"inLanguage\":\"fr-FR\",\"@id\":\"https:\/\/locd.fr\/#\/schema\/logo\/image\/\",\"url\":\"https:\/\/locd.fr\/wp-content\/uploads\/2023\/09\/locd.fr_.png\",\"contentUrl\":\"https:\/\/locd.fr\/wp-content\/uploads\/2023\/09\/locd.fr_.png\",\"width\":500,\"height\":500,\"caption\":\"LOCD.FR\"},\"image\":{\"@id\":\"https:\/\/locd.fr\/#\/schema\/logo\/image\/\"},\"sameAs\":[\"https:\/\/www.facebook.com\/Dareilyloc\"]}]}<\/script>\n<!-- \/ Yoast SEO plugin. -->","yoast_head_json":{"title":"Furet hydrocurage canalisation 15m karcher - Location outillage et mat\u00e9riel Montpellier Juvignac H\u00e9rault","description":"Location outillage et mat\u00e9riel Montpellier Juvignac H\u00e9rault Furet hydrocurage canalisation 15m karcher","robots":{"index":"index","follow":"follow","max-snippet":"max-snippet:-1","max-image-preview":"max-image-preview:large","max-video-preview":"max-video-preview:-1"},"canonical":"https:\/\/locd.fr\/produit\/furet-debouche-canalisation-15m-karcher\/","og_locale":"fr_FR","og_type":"article","og_title":"Furet hydrocurage canalisation 15m karcher - Location outillage et mat\u00e9riel Montpellier Juvignac H\u00e9rault","og_description":"Location outillage et mat\u00e9riel Montpellier Juvignac H\u00e9rault Furet hydrocurage canalisation 15m karcher","og_url":"https:\/\/locd.fr\/produit\/furet-debouche-canalisation-15m-karcher\/","og_site_name":"Location outillage et mat\u00e9riel Montpellier Juvignac H\u00e9rault","article_publisher":"https:\/\/www.facebook.com\/Dareilyloc","article_modified_time":"2025-07-22T09:03:34+00:00","og_image":[{"width":534,"height":512,"url":"https:\/\/locd.fr\/wp-content\/uploads\/2023\/10\/Furet-debouche-canalisation-location-materiel-montpellier-dareily-loc.png","type":"image\/png"}],"twitter_card":"summary_large_image","twitter_misc":{"Dur\u00e9e de lecture estim\u00e9e":"1 minute"},"schema":{"@context":"https:\/\/schema.org","@graph":[{"@type":"WebPage","@id":"https:\/\/locd.fr\/produit\/furet-debouche-canalisation-15m-karcher\/","url":"https:\/\/locd.fr\/produit\/furet-debouche-canalisation-15m-karcher\/","name":"Furet hydrocurage canalisation 15m karcher - Location outillage et mat\u00e9riel Montpellier Juvignac H\u00e9rault","isPartOf":{"@id":"https:\/\/locd.fr\/#website"},"primaryImageOfPage":{"@id":"https:\/\/locd.fr\/produit\/furet-debouche-canalisation-15m-karcher\/#primaryimage"},"image":{"@id":"https:\/\/locd.fr\/produit\/furet-debouche-canalisation-15m-karcher\/#primaryimage"},"thumbnailUrl":"https:\/\/locd.fr\/wp-content\/uploads\/2023\/10\/Furet-debouche-canalisation-location-materiel-montpellier-dareily-loc.png","datePublished":"2023-10-22T10:07:42+00:00","dateModified":"2025-07-22T09:03:34+00:00","description":"Location outillage et mat\u00e9riel Montpellier Juvignac H\u00e9rault Furet hydrocurage canalisation 15m karcher","breadcrumb":{"@id":"https:\/\/locd.fr\/produit\/furet-debouche-canalisation-15m-karcher\/#breadcrumb"},"inLanguage":"fr-FR","potentialAction":[{"@type":"ReadAction","target":["https:\/\/locd.fr\/produit\/furet-debouche-canalisation-15m-karcher\/"]}]},{"@type":"ImageObject","inLanguage":"fr-FR","@id":"https:\/\/locd.fr\/produit\/furet-debouche-canalisation-15m-karcher\/#primaryimage","url":"https:\/\/locd.fr\/wp-content\/uploads\/2023\/10\/Furet-debouche-canalisation-location-materiel-montpellier-dareily-loc.png","contentUrl":"https:\/\/locd.fr\/wp-content\/uploads\/2023\/10\/Furet-debouche-canalisation-location-materiel-montpellier-dareily-loc.png","width":534,"height":512,"caption":"Furet debouche canalisation location materiel montpellier dareily loc"},{"@type":"BreadcrumbList","@id":"https:\/\/locd.fr\/produit\/furet-debouche-canalisation-15m-karcher\/#breadcrumb","itemListElement":[{"@type":"ListItem","position":1,"name":"Accueil","item":"https:\/\/locd.fr\/"},{"@type":"ListItem","position":2,"name":"Shop","item":"https:\/\/locd.fr\/shop\/"},{"@type":"ListItem","position":3,"name":"Furet hydrocurage canalisation 15m karcher"}]},{"@type":"WebSite","@id":"https:\/\/locd.fr\/#website","url":"https:\/\/locd.fr\/","name":"Location outil et mat\u00e9riel Montpellier Juvignac H\u00e9rault","description":"Locd.fr la location de mat\u00e9riel 24\/24 simplifi\u00e9e","publisher":{"@id":"https:\/\/locd.fr\/#organization"},"potentialAction":[{"@type":"SearchAction","target":{"@type":"EntryPoint","urlTemplate":"https:\/\/locd.fr\/?s={search_term_string}"},"query-input":{"@type":"PropertyValueSpecification","valueRequired":true,"valueName":"search_term_string"}}],"inLanguage":"fr-FR"},{"@type":"Organization","@id":"https:\/\/locd.fr\/#organization","name":"LOCD.FR","url":"https:\/\/locd.fr\/","logo":{"@type":"ImageObject","inLanguage":"fr-FR","@id":"https:\/\/locd.fr\/#\/schema\/logo\/image\/","url":"https:\/\/locd.fr\/wp-content\/uploads\/2023\/09\/locd.fr_.png","contentUrl":"https:\/\/locd.fr\/wp-content\/uploads\/2023\/09\/locd.fr_.png","width":500,"height":500,"caption":"LOCD.FR"},"image":{"@id":"https:\/\/locd.fr\/#\/schema\/logo\/image\/"},"sameAs":["https:\/\/www.facebook.com\/Dareilyloc"]}]}},"_links":{"self":[{"href":"https:\/\/locd.fr\/wp-json\/wp\/v2\/product\/1958","targetHints":{"allow":["GET"]}}],"collection":[{"href":"https:\/\/locd.fr\/wp-json\/wp\/v2\/product"}],"about":[{"href":"https:\/\/locd.fr\/wp-json\/wp\/v2\/types\/product"}],"wp:featuredmedia":[{"embeddable":true,"href":"https:\/\/locd.fr\/wp-json\/wp\/v2\/media\/1959"}],"wp:attachment":[{"href":"https:\/\/locd.fr\/wp-json\/wp\/v2\/media?parent=1958"}],"wp:term":[{"taxonomy":"product_brand","embeddable":true,"href":"https:\/\/locd.fr\/wp-json\/wp\/v2\/product_brand?post=1958"},{"taxonomy":"product_cat","embeddable":true,"href":"https:\/\/locd.fr\/wp-json\/wp\/v2\/product_cat?post=1958"},{"taxonomy":"product_tag","embeddable":true,"href":"https:\/\/locd.fr\/wp-json\/wp\/v2\/product_tag?post=1958"}],"curies":[{"name":"wp","href":"https:\/\/api.w.org\/{rel}","templated":true}]}}