{"id":2072,"date":"2023-10-31T12:57:35","date_gmt":"2023-10-31T12:57:35","guid":{"rendered":"https:\/\/outil.dareilyloc.com\/?post_type=product&#038;p=2072"},"modified":"2026-03-12T14:28:30","modified_gmt":"2026-03-12T14:28:30","slug":"boulonneuse-a-chocs-1-2-visseuse-a-choc-sans-fil-1625nm","status":"publish","type":"product","link":"https:\/\/locd.fr\/produit\/boulonneuse-a-chocs-1-2-visseuse-a-choc-sans-fil-1625nm\/","title":{"rendered":"Boulonneuse \u00e0 Choc 1\/2&prime;- Visseuse a Choc sans Fil 1625NM"},"content":{"rendered":"<p>&nbsp;<\/p>\n<p><span class=\"a-list-item\">En Gr\u00e2ce \u00e0 son puissant moteur robuste brushless refroidi par ventilateur, c<\/span>ette boulonneuse \u00e0 choc sur batterie est particuli\u00e8rement puissante. Elle propose un couple de serrage r\u00e9glable jusqu&rsquo;\u00e0 950 Nm et de desserrage de 1625 Nm. L\u00e9g\u00e8re et compacte, elle vous offre une totale libert\u00e9 de mouvement et vous permet d&rsquo;intervenir dans les endroits difficiles d&rsquo;acc\u00e8s. <span class=\"a-list-item\">Con\u00e7ue pour un contr\u00f4le et un confort total, la cl\u00e9 \u00e0 choc sans fil dispose de 3 r\u00e9glages de vitesse pour r\u00e9pondre aux exigences de chaque utilisation. La poign\u00e9e en caoutchouc et l&rsquo;interrupteur XR offrent un grand confort ainsi qu&rsquo;un contr\u00f4le total. La LED blanche avec retardement am\u00e9liore la visibilit\u00e9 et fonctionne comme une lampe de poche ce qui aide \u00e0 \u00e9clairer l&rsquo;espace de travail.<\/span><\/p>\n<p>Cette cl\u00e9 \u00e0 choc puissante pour des boulons jusq&rsquo;\u00e0 m20, vous sera fournie sans batterie, disponible en location sur notre site internet locd.fr. Cela vous permettra d&rsquo;effectuer vos travaux de boulonnage\u00a0 (une batterie est en charge &#8211; dur\u00e9e 15 minutes &#8211; ). Le niveau de vibrations de cette boulonneuse est de 18,4 m\/s\u00b2, ce qui autorise un temps maximal d&rsquo;exposition quotidienne de 35 minutes.<\/p>\n<h3>Comment transporter cette cl\u00e9 visseuse \u00e0 choc \u00e9lectrique professionnelle en location ?<\/h3>\n<p>Pesant\u00a0<strong>2.73 kg<\/strong> cette boulonneuse \u00e0 choc sans fil, ne pr\u00e9sente aucune difficult\u00e9 de transport.<\/p>\n<p>Bien entendu, pour gagner du temps ou par commodit\u00e9, vous pouvez profiter de notre livraison et vous faire livrer.<\/p>\n<h3>Comment utiliser la boulonneuse \u00e0 choc sur batterie ?<\/h3>\n<p>Lors de la location de votre machine, une\u00a0<strong>notice<\/strong> est \u00e0 disposition sur le site. Cette fiche rappelle les <strong>r\u00e8gles de s\u00e9curit\u00e9<\/strong> \u00e0 respecter scrupuleusement. En effet, elle d\u00e9taille pas \u00e0 pas, les <strong>op\u00e9rations \u00e0 effectuer<\/strong>\u00a0pour profiter au mieux de cette boulonneuse \u00e0 choc sans fil.<\/p>\n<ul>\n<li>mise en place de la douille ;<\/li>\n<li>mise en place de la batterie (clic !) ;<\/li>\n<li>allumage de la lampe d\u00e8s que vous appuyez sur la g\u00e2chette ;<\/li>\n<li>r\u00e9glage de la cadence de frappe (3 positions) ;<\/li>\n<li>conseils et recommandations relatifs au serrage (variateur de vitesse, position, \u00e9tat de la douille et des boulons&#8230;) ;<\/li>\n<li>charge de la batterie, t\u00e9moin rouge.<\/li>\n<\/ul>\n<p>Pour votre s\u00e9curit\u00e9, vous trouverez en vente, dans votre agence locd.fr, de nombreux <strong>\u00c9quipements de Protection Individuelle<\/strong> (E.P.I.). Des gants de manutention, des lunettes de protection, des masques, ainsi qu&rsquo;un casque antibruit 25.5 dB ou un lot de 6 paires de bouchons d&rsquo;oreilles recommand\u00e9s compte tenu du niveau sonore constat\u00e9.<\/p>\n<h3>Prix \/ tarifs de location de la boulonneuse visseuse \u00e0 choc 1625 Nm 18 V<\/h3>\n<p>Les tarifs de location de cette boulonneuse ont \u00e9t\u00e9 \u00e9labor\u00e9s pour r\u00e9pondre aux besoins des professionnels et des particuliers. Pour un besoin tr\u00e8s ponctuel, le <strong>forfait journ\u00e9e<\/strong> donnera satisfaction avec la mise \u00e0 disposition du mat\u00e9riel pour 12 heures ou pour un week-end. Pour des chantiers \u00e9tal\u00e9s sur plusieurs jours, voire semaines, les <strong>formules d\u00e9gressives<\/strong> s&rsquo;appliqueront. Nos \u00e9quipiers pourront \u00e9tablir gratuitement un devis tenant compte des diff\u00e9rents \u00e9l\u00e9ments (dur\u00e9e et E.P.I. utilis\u00e9s).<\/p>\n<p><a href=\"https:\/\/outil.dareilyloc.com\/notices\/NOTICE%20DeWalt%20DCF899.pdf\">Notice \u00e0 lire imp\u00e9rativement<\/a><\/p>\n<p>Empreinte bancaire non pr\u00e9lev\u00e9e:<\/p>\n","protected":false},"excerpt":{"rendered":"<h1 id=\"title\" class=\"a-size-large a-spacing-none\"><span id=\"productTitle\" class=\"a-size-large product-title-word-break\">Boulonneuse \u00e0 Chocs 1\/2&prime; Brushless XR 18V 4Ah Li-ion &#8211;\u00a0 Visseuse a Choc sans Fil avec Coffret et Lampe LED &#8211; Boulon \u00d8M20 &#8211; 3 Vitesses (0-400\/1200\/1900tr\/min) &#8211; 610W\u00a0<\/span><\/h1>\n<p>Boulonneuse visseuse \u00e0 choc<\/p>\n<p>Pack batterie disponible en location sur notre site internet<\/p>\n<p>Couple serrage \u200e950 Newton Meters<\/p>\n<p>Couple d\u00e9serrage \u200e1625 Newton Meters<\/p>\n<p>Poids : 2.730kg<\/p>\n<p>Taille des visses maximale: M20<\/p>\n<p>3 vitesses<\/p>\n<p>Led<\/p>\n<p>Niveau sonore\u200e112 dB<\/p>\n<p>&nbsp;<\/p>\n","protected":false},"featured_media":2073,"template":"","meta":{"om_disable_all_campaigns":false,"_monsterinsights_skip_tracking":false,"_monsterinsights_sitenote_active":false,"_monsterinsights_sitenote_note":"","_monsterinsights_sitenote_category":0},"product_brand":[],"product_cat":[63,111],"product_tag":[],"class_list":{"0":"post-2072","1":"product","2":"type-product","3":"status-publish","4":"has-post-thumbnail","6":"product_cat-percage-et-vissage","7":"product_cat-auto","9":"entry","10":"has-media","12":"first","13":"instock","14":"sold-individually","15":"shipping-taxable","16":"purchasable","17":"product-type-simple","18":"has-product-nav","19":"col","20":"span_1_of_3","21":"owp-content-center","22":"owp-thumbs-layout-horizontal","23":"owp-btn-normal","24":"owp-tabs-layout-horizontal","25":"has-no-thumbnails"},"yoast_head":"<!-- This site is optimized with the Yoast SEO plugin v24.0 - https:\/\/yoast.com\/wordpress\/plugins\/seo\/ -->\n<title>Boulonneuse \u00e0 Choc 1\/2&#039;- Visseuse a Choc sans Fil 1625NM - Location outillage et mat\u00e9riel Montpellier Juvignac H\u00e9rault<\/title>\n<meta name=\"description\" content=\"Location outillage et mat\u00e9riel Montpellier Juvignac H\u00e9rault Boulonneuse \u00e0 Choc 1\/2&#039;- Visseuse a Choc sans Fil 1625NM\" \/>\n<meta name=\"robots\" content=\"index, follow, max-snippet:-1, max-image-preview:large, max-video-preview:-1\" \/>\n<link rel=\"canonical\" href=\"https:\/\/locd.fr\/produit\/boulonneuse-a-chocs-1-2-visseuse-a-choc-sans-fil-1625nm\/\" \/>\n<meta property=\"og:locale\" content=\"fr_FR\" \/>\n<meta property=\"og:type\" content=\"article\" \/>\n<meta property=\"og:title\" content=\"Boulonneuse \u00e0 Choc 1\/2&#039;- Visseuse a Choc sans Fil 1625NM - Location outillage et mat\u00e9riel Montpellier Juvignac H\u00e9rault\" \/>\n<meta property=\"og:description\" content=\"Location outillage et mat\u00e9riel Montpellier Juvignac H\u00e9rault Boulonneuse \u00e0 Choc 1\/2&#039;- Visseuse a Choc sans Fil 1625NM\" \/>\n<meta property=\"og:url\" content=\"https:\/\/locd.fr\/produit\/boulonneuse-a-chocs-1-2-visseuse-a-choc-sans-fil-1625nm\/\" \/>\n<meta property=\"og:site_name\" content=\"Location outillage et mat\u00e9riel Montpellier Juvignac H\u00e9rault\" \/>\n<meta property=\"article:publisher\" content=\"https:\/\/www.facebook.com\/Dareilyloc\" \/>\n<meta property=\"article:modified_time\" content=\"2026-03-12T14:28:30+00:00\" \/>\n<meta property=\"og:image\" content=\"https:\/\/locd.fr\/wp-content\/uploads\/2023\/10\/Boulonneuse-visseuse-choc-location-montpellier-dareilyloc.png\" \/>\n\t<meta property=\"og:image:width\" content=\"600\" \/>\n\t<meta property=\"og:image:height\" content=\"600\" \/>\n\t<meta property=\"og:image:type\" content=\"image\/png\" \/>\n<meta name=\"twitter:card\" content=\"summary_large_image\" \/>\n<meta name=\"twitter:label1\" content=\"Dur\u00e9e de lecture estim\u00e9e\" \/>\n\t<meta name=\"twitter:data1\" content=\"3 minutes\" \/>\n<script type=\"application\/ld+json\" class=\"yoast-schema-graph\">{\"@context\":\"https:\/\/schema.org\",\"@graph\":[{\"@type\":\"WebPage\",\"@id\":\"https:\/\/locd.fr\/produit\/boulonneuse-a-chocs-1-2-visseuse-a-choc-sans-fil-1625nm\/\",\"url\":\"https:\/\/locd.fr\/produit\/boulonneuse-a-chocs-1-2-visseuse-a-choc-sans-fil-1625nm\/\",\"name\":\"Boulonneuse \u00e0 Choc 1\/2'- Visseuse a Choc sans Fil 1625NM - Location outillage et mat\u00e9riel Montpellier Juvignac H\u00e9rault\",\"isPartOf\":{\"@id\":\"https:\/\/locd.fr\/#website\"},\"primaryImageOfPage\":{\"@id\":\"https:\/\/locd.fr\/produit\/boulonneuse-a-chocs-1-2-visseuse-a-choc-sans-fil-1625nm\/#primaryimage\"},\"image\":{\"@id\":\"https:\/\/locd.fr\/produit\/boulonneuse-a-chocs-1-2-visseuse-a-choc-sans-fil-1625nm\/#primaryimage\"},\"thumbnailUrl\":\"https:\/\/locd.fr\/wp-content\/uploads\/2023\/10\/Boulonneuse-visseuse-choc-location-montpellier-dareilyloc.png\",\"datePublished\":\"2023-10-31T12:57:35+00:00\",\"dateModified\":\"2026-03-12T14:28:30+00:00\",\"description\":\"Location outillage et mat\u00e9riel Montpellier Juvignac H\u00e9rault Boulonneuse \u00e0 Choc 1\/2'- Visseuse a Choc sans Fil 1625NM\",\"breadcrumb\":{\"@id\":\"https:\/\/locd.fr\/produit\/boulonneuse-a-chocs-1-2-visseuse-a-choc-sans-fil-1625nm\/#breadcrumb\"},\"inLanguage\":\"fr-FR\",\"potentialAction\":[{\"@type\":\"ReadAction\",\"target\":[\"https:\/\/locd.fr\/produit\/boulonneuse-a-chocs-1-2-visseuse-a-choc-sans-fil-1625nm\/\"]}]},{\"@type\":\"ImageObject\",\"inLanguage\":\"fr-FR\",\"@id\":\"https:\/\/locd.fr\/produit\/boulonneuse-a-chocs-1-2-visseuse-a-choc-sans-fil-1625nm\/#primaryimage\",\"url\":\"https:\/\/locd.fr\/wp-content\/uploads\/2023\/10\/Boulonneuse-visseuse-choc-location-montpellier-dareilyloc.png\",\"contentUrl\":\"https:\/\/locd.fr\/wp-content\/uploads\/2023\/10\/Boulonneuse-visseuse-choc-location-montpellier-dareilyloc.png\",\"width\":600,\"height\":600,\"caption\":\"Boulonneuse visseuse choc location montpellier dareilyloc\"},{\"@type\":\"BreadcrumbList\",\"@id\":\"https:\/\/locd.fr\/produit\/boulonneuse-a-chocs-1-2-visseuse-a-choc-sans-fil-1625nm\/#breadcrumb\",\"itemListElement\":[{\"@type\":\"ListItem\",\"position\":1,\"name\":\"Accueil\",\"item\":\"https:\/\/locd.fr\/\"},{\"@type\":\"ListItem\",\"position\":2,\"name\":\"Shop\",\"item\":\"https:\/\/locd.fr\/shop\/\"},{\"@type\":\"ListItem\",\"position\":3,\"name\":\"Boulonneuse \u00e0 Choc 1\/2&prime;- Visseuse a Choc sans Fil 1625NM\"}]},{\"@type\":\"WebSite\",\"@id\":\"https:\/\/locd.fr\/#website\",\"url\":\"https:\/\/locd.fr\/\",\"name\":\"Location outil et mat\u00e9riel Montpellier Juvignac H\u00e9rault\",\"description\":\"Locd.fr la location de mat\u00e9riel 24\/24 simplifi\u00e9e\",\"publisher\":{\"@id\":\"https:\/\/locd.fr\/#organization\"},\"potentialAction\":[{\"@type\":\"SearchAction\",\"target\":{\"@type\":\"EntryPoint\",\"urlTemplate\":\"https:\/\/locd.fr\/?s={search_term_string}\"},\"query-input\":{\"@type\":\"PropertyValueSpecification\",\"valueRequired\":true,\"valueName\":\"search_term_string\"}}],\"inLanguage\":\"fr-FR\"},{\"@type\":\"Organization\",\"@id\":\"https:\/\/locd.fr\/#organization\",\"name\":\"LOCD.FR\",\"url\":\"https:\/\/locd.fr\/\",\"logo\":{\"@type\":\"ImageObject\",\"inLanguage\":\"fr-FR\",\"@id\":\"https:\/\/locd.fr\/#\/schema\/logo\/image\/\",\"url\":\"https:\/\/locd.fr\/wp-content\/uploads\/2023\/09\/locd.fr_.png\",\"contentUrl\":\"https:\/\/locd.fr\/wp-content\/uploads\/2023\/09\/locd.fr_.png\",\"width\":500,\"height\":500,\"caption\":\"LOCD.FR\"},\"image\":{\"@id\":\"https:\/\/locd.fr\/#\/schema\/logo\/image\/\"},\"sameAs\":[\"https:\/\/www.facebook.com\/Dareilyloc\"]}]}<\/script>\n<!-- \/ Yoast SEO plugin. -->","yoast_head_json":{"title":"Boulonneuse \u00e0 Choc 1\/2'- Visseuse a Choc sans Fil 1625NM - Location outillage et mat\u00e9riel Montpellier Juvignac H\u00e9rault","description":"Location outillage et mat\u00e9riel Montpellier Juvignac H\u00e9rault Boulonneuse \u00e0 Choc 1\/2'- Visseuse a Choc sans Fil 1625NM","robots":{"index":"index","follow":"follow","max-snippet":"max-snippet:-1","max-image-preview":"max-image-preview:large","max-video-preview":"max-video-preview:-1"},"canonical":"https:\/\/locd.fr\/produit\/boulonneuse-a-chocs-1-2-visseuse-a-choc-sans-fil-1625nm\/","og_locale":"fr_FR","og_type":"article","og_title":"Boulonneuse \u00e0 Choc 1\/2'- Visseuse a Choc sans Fil 1625NM - Location outillage et mat\u00e9riel Montpellier Juvignac H\u00e9rault","og_description":"Location outillage et mat\u00e9riel Montpellier Juvignac H\u00e9rault Boulonneuse \u00e0 Choc 1\/2'- Visseuse a Choc sans Fil 1625NM","og_url":"https:\/\/locd.fr\/produit\/boulonneuse-a-chocs-1-2-visseuse-a-choc-sans-fil-1625nm\/","og_site_name":"Location outillage et mat\u00e9riel Montpellier Juvignac H\u00e9rault","article_publisher":"https:\/\/www.facebook.com\/Dareilyloc","article_modified_time":"2026-03-12T14:28:30+00:00","og_image":[{"width":600,"height":600,"url":"https:\/\/locd.fr\/wp-content\/uploads\/2023\/10\/Boulonneuse-visseuse-choc-location-montpellier-dareilyloc.png","type":"image\/png"}],"twitter_card":"summary_large_image","twitter_misc":{"Dur\u00e9e de lecture estim\u00e9e":"3 minutes"},"schema":{"@context":"https:\/\/schema.org","@graph":[{"@type":"WebPage","@id":"https:\/\/locd.fr\/produit\/boulonneuse-a-chocs-1-2-visseuse-a-choc-sans-fil-1625nm\/","url":"https:\/\/locd.fr\/produit\/boulonneuse-a-chocs-1-2-visseuse-a-choc-sans-fil-1625nm\/","name":"Boulonneuse \u00e0 Choc 1\/2'- Visseuse a Choc sans Fil 1625NM - Location outillage et mat\u00e9riel Montpellier Juvignac H\u00e9rault","isPartOf":{"@id":"https:\/\/locd.fr\/#website"},"primaryImageOfPage":{"@id":"https:\/\/locd.fr\/produit\/boulonneuse-a-chocs-1-2-visseuse-a-choc-sans-fil-1625nm\/#primaryimage"},"image":{"@id":"https:\/\/locd.fr\/produit\/boulonneuse-a-chocs-1-2-visseuse-a-choc-sans-fil-1625nm\/#primaryimage"},"thumbnailUrl":"https:\/\/locd.fr\/wp-content\/uploads\/2023\/10\/Boulonneuse-visseuse-choc-location-montpellier-dareilyloc.png","datePublished":"2023-10-31T12:57:35+00:00","dateModified":"2026-03-12T14:28:30+00:00","description":"Location outillage et mat\u00e9riel Montpellier Juvignac H\u00e9rault Boulonneuse \u00e0 Choc 1\/2'- Visseuse a Choc sans Fil 1625NM","breadcrumb":{"@id":"https:\/\/locd.fr\/produit\/boulonneuse-a-chocs-1-2-visseuse-a-choc-sans-fil-1625nm\/#breadcrumb"},"inLanguage":"fr-FR","potentialAction":[{"@type":"ReadAction","target":["https:\/\/locd.fr\/produit\/boulonneuse-a-chocs-1-2-visseuse-a-choc-sans-fil-1625nm\/"]}]},{"@type":"ImageObject","inLanguage":"fr-FR","@id":"https:\/\/locd.fr\/produit\/boulonneuse-a-chocs-1-2-visseuse-a-choc-sans-fil-1625nm\/#primaryimage","url":"https:\/\/locd.fr\/wp-content\/uploads\/2023\/10\/Boulonneuse-visseuse-choc-location-montpellier-dareilyloc.png","contentUrl":"https:\/\/locd.fr\/wp-content\/uploads\/2023\/10\/Boulonneuse-visseuse-choc-location-montpellier-dareilyloc.png","width":600,"height":600,"caption":"Boulonneuse visseuse choc location montpellier dareilyloc"},{"@type":"BreadcrumbList","@id":"https:\/\/locd.fr\/produit\/boulonneuse-a-chocs-1-2-visseuse-a-choc-sans-fil-1625nm\/#breadcrumb","itemListElement":[{"@type":"ListItem","position":1,"name":"Accueil","item":"https:\/\/locd.fr\/"},{"@type":"ListItem","position":2,"name":"Shop","item":"https:\/\/locd.fr\/shop\/"},{"@type":"ListItem","position":3,"name":"Boulonneuse \u00e0 Choc 1\/2&prime;- Visseuse a Choc sans Fil 1625NM"}]},{"@type":"WebSite","@id":"https:\/\/locd.fr\/#website","url":"https:\/\/locd.fr\/","name":"Location outil et mat\u00e9riel Montpellier Juvignac H\u00e9rault","description":"Locd.fr la location de mat\u00e9riel 24\/24 simplifi\u00e9e","publisher":{"@id":"https:\/\/locd.fr\/#organization"},"potentialAction":[{"@type":"SearchAction","target":{"@type":"EntryPoint","urlTemplate":"https:\/\/locd.fr\/?s={search_term_string}"},"query-input":{"@type":"PropertyValueSpecification","valueRequired":true,"valueName":"search_term_string"}}],"inLanguage":"fr-FR"},{"@type":"Organization","@id":"https:\/\/locd.fr\/#organization","name":"LOCD.FR","url":"https:\/\/locd.fr\/","logo":{"@type":"ImageObject","inLanguage":"fr-FR","@id":"https:\/\/locd.fr\/#\/schema\/logo\/image\/","url":"https:\/\/locd.fr\/wp-content\/uploads\/2023\/09\/locd.fr_.png","contentUrl":"https:\/\/locd.fr\/wp-content\/uploads\/2023\/09\/locd.fr_.png","width":500,"height":500,"caption":"LOCD.FR"},"image":{"@id":"https:\/\/locd.fr\/#\/schema\/logo\/image\/"},"sameAs":["https:\/\/www.facebook.com\/Dareilyloc"]}]}},"_links":{"self":[{"href":"https:\/\/locd.fr\/wp-json\/wp\/v2\/product\/2072","targetHints":{"allow":["GET"]}}],"collection":[{"href":"https:\/\/locd.fr\/wp-json\/wp\/v2\/product"}],"about":[{"href":"https:\/\/locd.fr\/wp-json\/wp\/v2\/types\/product"}],"wp:featuredmedia":[{"embeddable":true,"href":"https:\/\/locd.fr\/wp-json\/wp\/v2\/media\/2073"}],"wp:attachment":[{"href":"https:\/\/locd.fr\/wp-json\/wp\/v2\/media?parent=2072"}],"wp:term":[{"taxonomy":"product_brand","embeddable":true,"href":"https:\/\/locd.fr\/wp-json\/wp\/v2\/product_brand?post=2072"},{"taxonomy":"product_cat","embeddable":true,"href":"https:\/\/locd.fr\/wp-json\/wp\/v2\/product_cat?post=2072"},{"taxonomy":"product_tag","embeddable":true,"href":"https:\/\/locd.fr\/wp-json\/wp\/v2\/product_tag?post=2072"}],"curies":[{"name":"wp","href":"https:\/\/api.w.org\/{rel}","templated":true}]}}